{"id":15023,"date":"2024-11-29T18:28:40","date_gmt":"2024-11-29T17:28:40","guid":{"rendered":"https:\/\/stampcurio.com\/product\/bosznia-hercegovina-xxx-188xxx-okmanyzarjegy-200-drama-xxx\/"},"modified":"2025-12-05T04:08:54","modified_gmt":"2025-12-05T03:08:54","slug":"1880-korul-bosznia-hercegovina-ket-dohanyadojegy-10-es-200-darabos","status":"publish","type":"product","link":"https:\/\/stampcurio.com\/hu\/termek\/1880-korul-bosznia-hercegovina-ket-dohanyadojegy-10-es-200-darabos\/","title":{"rendered":"1880 k\u00f6r\u00fcl &#8211; Bosznia-Hercegovina &#8211; k\u00e9t doh\u00e1nyad\u00f3jegy &#8211; 10 \u00e9s 200 darabos"},"content":{"rendered":"","protected":false},"excerpt":{"rendered":"","protected":false},"featured_media":16402,"template":"","meta":[],"product_brand":[],"product_cat":[1178,1222,1172],"product_tag":[1664,282,288],"class_list":{"0":"post-15023","1":"product","2":"type-product","3":"status-publish","4":"has-post-thumbnail","6":"product_cat-ausztria","7":"product_cat-bosznia-hercegovina","8":"product_cat-magyarorszag","9":"product_tag-2nd-auction-hu","10":"product_tag-okmanybelyeg","11":"product_tag-parafilatelia","13":"first","14":"instock","15":"sold-individually","16":"shipping-taxable","17":"product-type-simple"},"_links":{"self":[{"href":"https:\/\/stampcurio.com\/hu\/wp-json\/wp\/v2\/product\/15023","targetHints":{"allow":["GET"]}}],"collection":[{"href":"https:\/\/stampcurio.com\/hu\/wp-json\/wp\/v2\/product"}],"about":[{"href":"https:\/\/stampcurio.com\/hu\/wp-json\/wp\/v2\/types\/product"}],"wp:featuredmedia":[{"embeddable":true,"href":"https:\/\/stampcurio.com\/hu\/wp-json\/wp\/v2\/media\/16402"}],"wp:attachment":[{"href":"https:\/\/stampcurio.com\/hu\/wp-json\/wp\/v2\/media?parent=15023"}],"wp:term":[{"taxonomy":"product_brand","embeddable":true,"href":"https:\/\/stampcurio.com\/hu\/wp-json\/wp\/v2\/product_brand?post=15023"},{"taxonomy":"product_cat","embeddable":true,"href":"https:\/\/stampcurio.com\/hu\/wp-json\/wp\/v2\/product_cat?post=15023"},{"taxonomy":"product_tag","embeddable":true,"href":"https:\/\/stampcurio.com\/hu\/wp-json\/wp\/v2\/product_tag?post=15023"}],"curies":[{"name":"wp","href":"https:\/\/api.w.org\/{rel}","templated":true}]}}