{"id":15022,"date":"2024-11-29T18:28:39","date_gmt":"2024-11-29T17:28:39","guid":{"rendered":"https:\/\/stampcurio.com\/product\/1860-usa-magyarorszagra-kuldott-level-30-cent-rate-prussian-closed-mail-tariff-piros-boston-seven-paid-belyegzovel-prios-aachen-belyegzo\/"},"modified":"2025-12-05T04:08:56","modified_gmt":"2025-12-05T03:08:56","slug":"1860-usa-magyarorszagra-kuldott-level-30-cent-porosz-closed-mail-tarifaval-piros-boston-br-pkt-7-paid-es-piros-aachen-belyegzovel","status":"publish","type":"product","link":"https:\/\/stampcurio.com\/hu\/termek\/1860-usa-magyarorszagra-kuldott-level-30-cent-porosz-closed-mail-tarifaval-piros-boston-br-pkt-7-paid-es-piros-aachen-belyegzovel\/","title":{"rendered":"1860 USA &#8211; Magyarorsz\u00e1gra k\u00fcld\u00f6tt lev\u00e9l 30 cent Porosz &#8220;closed mail&#8221; tarif\u00e1val, piros BOSTON BR PKT \/ 7 PAID \u00e9s piros AACHEN b\u00e9lyegz\u0151vel"},"content":{"rendered":"","protected":false},"excerpt":{"rendered":"","protected":false},"featured_media":16207,"template":"","meta":[],"product_brand":[],"product_cat":[1204,1172,1175],"product_tag":[1664,116,1041,176,89,1631,1006],"class_list":{"0":"post-15022","1":"product","2":"type-product","3":"status-publish","4":"has-post-thumbnail","6":"product_cat-amerikai-egyesult-allamok","7":"product_cat-magyarorszag","8":"product_cat-nemetorszag","9":"product_tag-2nd-auction-hu","10":"product_tag-belyeg","11":"product_tag-marcophily-hu","12":"product_tag-philagem","13":"product_tag-postatortenet","14":"product_tag-pre-upu","15":"product_tag-unsold","17":"first","18":"instock","19":"sold-individually","20":"shipping-taxable","21":"product-type-simple"},"_links":{"self":[{"href":"https:\/\/stampcurio.com\/hu\/wp-json\/wp\/v2\/product\/15022","targetHints":{"allow":["GET"]}}],"collection":[{"href":"https:\/\/stampcurio.com\/hu\/wp-json\/wp\/v2\/product"}],"about":[{"href":"https:\/\/stampcurio.com\/hu\/wp-json\/wp\/v2\/types\/product"}],"wp:featuredmedia":[{"embeddable":true,"href":"https:\/\/stampcurio.com\/hu\/wp-json\/wp\/v2\/media\/16207"}],"wp:attachment":[{"href":"https:\/\/stampcurio.com\/hu\/wp-json\/wp\/v2\/media?parent=15022"}],"wp:term":[{"taxonomy":"product_brand","embeddable":true,"href":"https:\/\/stampcurio.com\/hu\/wp-json\/wp\/v2\/product_brand?post=15022"},{"taxonomy":"product_cat","embeddable":true,"href":"https:\/\/stampcurio.com\/hu\/wp-json\/wp\/v2\/product_cat?post=15022"},{"taxonomy":"product_tag","embeddable":true,"href":"https:\/\/stampcurio.com\/hu\/wp-json\/wp\/v2\/product_tag?post=15022"}],"curies":[{"name":"wp","href":"https:\/\/api.w.org\/{rel}","templated":true}]}}