{"id":15021,"date":"2024-11-29T18:28:39","date_gmt":"2024-11-29T17:28:39","guid":{"rendered":"https:\/\/stampcurio.com\/product\/1895-komplett-hirlap-lipcsei-ujsag-kormocbanyara-kuldve-az-1867-es-provizorikus-1-kr-hirlevel-szignettaval-provizorikus-felhasznalasa\/"},"modified":"2025-12-05T04:08:56","modified_gmt":"2025-12-05T03:08:56","slug":"1895-magyarorszag-nemet-komplett-ujsag-lipcse-kormocbanyara-kuldve-az-1867-es-provizorikus-1-kr-hirlap-szignetta-ismeretlen-kesoi-provizorikus-felhasznalasa","status":"publish","type":"product","link":"https:\/\/stampcurio.com\/hu\/termek\/1895-magyarorszag-nemet-komplett-ujsag-lipcse-kormocbanyara-kuldve-az-1867-es-provizorikus-1-kr-hirlap-szignetta-ismeretlen-kesoi-provizorikus-felhasznalasa\/","title":{"rendered":"1895 Magyarorsz\u00e1g &#8211; n\u00e9met komplett \u00fajs\u00e1g (Lipcse) K\u00f6rm\u00f6cb\u00e1ny\u00e1ra k\u00fcldve, az 1867-es proviz\u00f3rikus 1 kr h\u00edrlap szignetta ismeretlen k\u00e9s\u0151i proviz\u00f3rikus felhaszn\u00e1l\u00e1sa"},"content":{"rendered":"","protected":false},"excerpt":{"rendered":"","protected":false},"featured_media":16293,"template":"","meta":[],"product_brand":[],"product_cat":[1172,1189],"product_tag":[1664,282,256,1329,1006],"class_list":{"0":"post-15021","1":"product","2":"type-product","3":"status-publish","4":"has-post-thumbnail","6":"product_cat-magyarorszag","7":"product_cat-szlovakia","8":"product_tag-2nd-auction-hu","9":"product_tag-okmanybelyeg","10":"product_tag-provizorium","11":"product_tag-szignetta","12":"product_tag-unsold","14":"first","15":"instock","16":"sold-individually","17":"shipping-taxable","18":"product-type-simple"},"_links":{"self":[{"href":"https:\/\/stampcurio.com\/hu\/wp-json\/wp\/v2\/product\/15021","targetHints":{"allow":["GET"]}}],"collection":[{"href":"https:\/\/stampcurio.com\/hu\/wp-json\/wp\/v2\/product"}],"about":[{"href":"https:\/\/stampcurio.com\/hu\/wp-json\/wp\/v2\/types\/product"}],"wp:featuredmedia":[{"embeddable":true,"href":"https:\/\/stampcurio.com\/hu\/wp-json\/wp\/v2\/media\/16293"}],"wp:attachment":[{"href":"https:\/\/stampcurio.com\/hu\/wp-json\/wp\/v2\/media?parent=15021"}],"wp:term":[{"taxonomy":"product_brand","embeddable":true,"href":"https:\/\/stampcurio.com\/hu\/wp-json\/wp\/v2\/product_brand?post=15021"},{"taxonomy":"product_cat","embeddable":true,"href":"https:\/\/stampcurio.com\/hu\/wp-json\/wp\/v2\/product_cat?post=15021"},{"taxonomy":"product_tag","embeddable":true,"href":"https:\/\/stampcurio.com\/hu\/wp-json\/wp\/v2\/product_tag?post=15021"}],"curies":[{"name":"wp","href":"https:\/\/api.w.org\/{rel}","templated":true}]}}