{"id":15020,"date":"2024-11-29T18:28:39","date_gmt":"2024-11-29T17:28:39","guid":{"rendered":"https:\/\/stampcurio.com\/product\/1963-mo-voroskereszt-sor-zaroerteke-3-ft-tevnyomat-ezust-szinnyomat-nelkul-phu-225-eur\/"},"modified":"2025-12-05T04:08:56","modified_gmt":"2025-12-05T03:08:56","slug":"1963-magyarorszag-voroskereszt-3-ft-postatiszta-tevnyomat-az-ezust-szinnyomat-nelkul-phu-225-eur","status":"publish","type":"product","link":"https:\/\/stampcurio.com\/hu\/termek\/1963-magyarorszag-voroskereszt-3-ft-postatiszta-tevnyomat-az-ezust-szinnyomat-nelkul-phu-225-eur\/","title":{"rendered":"1963 Magyarorsz\u00e1g &#8211; V\u00f6r\u00f6skereszt 3 Ft postatiszta ** t\u00e9vnyomat az ez\u00fcst sz\u00ednnyomat n\u00e9lk\u00fcl | PHu: 225 EUR"},"content":{"rendered":"","protected":false},"excerpt":{"rendered":"","protected":false},"featured_media":16159,"template":"","meta":[],"product_brand":[],"product_cat":[1172],"product_tag":[1664,116,217,328],"class_list":{"0":"post-15020","1":"product","2":"type-product","3":"status-publish","4":"has-post-thumbnail","6":"product_cat-magyarorszag","7":"product_tag-2nd-auction-hu","8":"product_tag-belyeg","9":"product_tag-tevnyomat","10":"product_tag-voroskereszt","12":"first","13":"instock","14":"sold-individually","15":"shipping-taxable","16":"product-type-simple"},"_links":{"self":[{"href":"https:\/\/stampcurio.com\/hu\/wp-json\/wp\/v2\/product\/15020","targetHints":{"allow":["GET"]}}],"collection":[{"href":"https:\/\/stampcurio.com\/hu\/wp-json\/wp\/v2\/product"}],"about":[{"href":"https:\/\/stampcurio.com\/hu\/wp-json\/wp\/v2\/types\/product"}],"wp:featuredmedia":[{"embeddable":true,"href":"https:\/\/stampcurio.com\/hu\/wp-json\/wp\/v2\/media\/16159"}],"wp:attachment":[{"href":"https:\/\/stampcurio.com\/hu\/wp-json\/wp\/v2\/media?parent=15020"}],"wp:term":[{"taxonomy":"product_brand","embeddable":true,"href":"https:\/\/stampcurio.com\/hu\/wp-json\/wp\/v2\/product_brand?post=15020"},{"taxonomy":"product_cat","embeddable":true,"href":"https:\/\/stampcurio.com\/hu\/wp-json\/wp\/v2\/product_cat?post=15020"},{"taxonomy":"product_tag","embeddable":true,"href":"https:\/\/stampcurio.com\/hu\/wp-json\/wp\/v2\/product_tag?post=15020"}],"curies":[{"name":"wp","href":"https:\/\/api.w.org\/{rel}","templated":true}]}}