{"id":15019,"date":"2024-11-29T18:28:38","date_gmt":"2024-11-29T17:28:38","guid":{"rendered":"https:\/\/stampcurio.com\/product\/1991-cept-vagott-iv-fdc-boritekon-phu-50e-fdc-eur-125\/"},"modified":"2025-12-05T04:08:57","modified_gmt":"2025-12-05T03:08:57","slug":"1991-magyarorszag-cept-vagott-iv-fdc-boritekon-phu-a-vagott-iv-125-eur-az-fdc-re-felar-szamolhato","status":"publish","type":"product","link":"https:\/\/stampcurio.com\/hu\/termek\/1991-magyarorszag-cept-vagott-iv-fdc-boritekon-phu-a-vagott-iv-125-eur-az-fdc-re-felar-szamolhato\/","title":{"rendered":"1991 Magyarorsz\u00e1g &#8211; CEPT v\u00e1gott \u00edv FDC bor\u00edt\u00e9kon | PHu: a v\u00e1gott \u00edv 125 EUR, az FDC-re fel\u00e1r sz\u00e1molhat\u00f3"},"content":{"rendered":"","protected":false},"excerpt":{"rendered":"","protected":false},"featured_media":16474,"template":"","meta":[],"product_brand":[],"product_cat":[1172],"product_tag":[1664,116,100],"class_list":{"0":"post-15019","1":"product","2":"type-product","3":"status-publish","4":"has-post-thumbnail","6":"product_cat-magyarorszag","7":"product_tag-2nd-auction-hu","8":"product_tag-belyeg","9":"product_tag-fdc","11":"first","12":"instock","13":"sold-individually","14":"shipping-taxable","15":"product-type-simple"},"_links":{"self":[{"href":"https:\/\/stampcurio.com\/hu\/wp-json\/wp\/v2\/product\/15019","targetHints":{"allow":["GET"]}}],"collection":[{"href":"https:\/\/stampcurio.com\/hu\/wp-json\/wp\/v2\/product"}],"about":[{"href":"https:\/\/stampcurio.com\/hu\/wp-json\/wp\/v2\/types\/product"}],"wp:featuredmedia":[{"embeddable":true,"href":"https:\/\/stampcurio.com\/hu\/wp-json\/wp\/v2\/media\/16474"}],"wp:attachment":[{"href":"https:\/\/stampcurio.com\/hu\/wp-json\/wp\/v2\/media?parent=15019"}],"wp:term":[{"taxonomy":"product_brand","embeddable":true,"href":"https:\/\/stampcurio.com\/hu\/wp-json\/wp\/v2\/product_brand?post=15019"},{"taxonomy":"product_cat","embeddable":true,"href":"https:\/\/stampcurio.com\/hu\/wp-json\/wp\/v2\/product_cat?post=15019"},{"taxonomy":"product_tag","embeddable":true,"href":"https:\/\/stampcurio.com\/hu\/wp-json\/wp\/v2\/product_tag?post=15019"}],"curies":[{"name":"wp","href":"https:\/\/api.w.org\/{rel}","templated":true}]}}