{"id":15017,"date":"2024-11-29T18:28:38","date_gmt":"2024-11-29T17:28:38","guid":{"rendered":"https:\/\/stampcurio.com\/product\/1921-lajtabansag-postai-forgalomban-kerult-10-es-20-filleres-belyeg-vagott-szombathelyre-felsoeor-cimzett-levlap-pruf-bodor-vagottan-csak-ez-a-ket-belyeg-kerult-postai-forgalomba\/"},"modified":"2025-12-05T04:08:57","modified_gmt":"2025-12-05T03:08:57","slug":"1921-lajtabansag-a-postai-forgalomba-kerult-10-es-20-filleres-vagott-belyeg-felsoor-szombathely-kepeslapon-pruf-bodor","status":"publish","type":"product","link":"https:\/\/stampcurio.com\/hu\/termek\/1921-lajtabansag-a-postai-forgalomba-kerult-10-es-20-filleres-vagott-belyeg-felsoor-szombathely-kepeslapon-pruf-bodor\/","title":{"rendered":"1921 Lajtab\u00e1ns\u00e1g &#8211; A postai forgalomba ker\u00fclt 10 \u00e9s 20 fill\u00e9res v\u00e1gott b\u00e9lyeg Fels\u0151\u0151r &#8211; Szombathely k\u00e9peslapon | Pr\u00fcf: Bodor"},"content":{"rendered":"","protected":false},"excerpt":{"rendered":"<p>V\u00e1gottan csak ez a k\u00e9t b\u00e9lyeg ker\u00fclt postai forgalomba.<\/p>\n","protected":false},"featured_media":16325,"template":"","meta":[],"product_brand":[],"product_cat":[1178,1172],"product_tag":[1664,116,1332,97,89,1006],"class_list":{"0":"post-15017","1":"product","2":"type-product","3":"status-publish","4":"has-post-thumbnail","6":"product_cat-ausztria","7":"product_cat-magyarorszag","8":"product_tag-2nd-auction-hu","9":"product_tag-belyeg","10":"product_tag-helyi-kiadas","11":"product_tag-kepeslap","12":"product_tag-postatortenet","13":"product_tag-unsold","15":"first","16":"instock","17":"sold-individually","18":"shipping-taxable","19":"product-type-simple"},"_links":{"self":[{"href":"https:\/\/stampcurio.com\/hu\/wp-json\/wp\/v2\/product\/15017","targetHints":{"allow":["GET"]}}],"collection":[{"href":"https:\/\/stampcurio.com\/hu\/wp-json\/wp\/v2\/product"}],"about":[{"href":"https:\/\/stampcurio.com\/hu\/wp-json\/wp\/v2\/types\/product"}],"wp:featuredmedia":[{"embeddable":true,"href":"https:\/\/stampcurio.com\/hu\/wp-json\/wp\/v2\/media\/16325"}],"wp:attachment":[{"href":"https:\/\/stampcurio.com\/hu\/wp-json\/wp\/v2\/media?parent=15017"}],"wp:term":[{"taxonomy":"product_brand","embeddable":true,"href":"https:\/\/stampcurio.com\/hu\/wp-json\/wp\/v2\/product_brand?post=15017"},{"taxonomy":"product_cat","embeddable":true,"href":"https:\/\/stampcurio.com\/hu\/wp-json\/wp\/v2\/product_cat?post=15017"},{"taxonomy":"product_tag","embeddable":true,"href":"https:\/\/stampcurio.com\/hu\/wp-json\/wp\/v2\/product_tag?post=15017"}],"curies":[{"name":"wp","href":"https:\/\/api.w.org\/{rel}","templated":true}]}}