{"id":15014,"date":"2024-11-29T18:28:37","date_gmt":"2024-11-29T17:28:37","guid":{"rendered":"https:\/\/stampcurio.com\/product\/1850-9-kr-iib-tipus-dunkelblau-60-eur-ferch\/"},"modified":"2025-12-05T04:08:58","modified_gmt":"2025-12-05T03:08:58","slug":"1850-ausztria-9-kr-iib-tipus-sotetkek-ferchenbauer-60-eur","status":"publish","type":"product","link":"https:\/\/stampcurio.com\/hu\/termek\/1850-ausztria-9-kr-iib-tipus-sotetkek-ferchenbauer-60-eur\/","title":{"rendered":"1850 Ausztria &#8211; 9 kr IIb t\u00edpus s\u00f6t\u00e9tk\u00e9k &#8211; Ferchenbauer: 60 EUR"},"content":{"rendered":"","protected":false},"excerpt":{"rendered":"<p>Kiemelt k\u00f6z\u00e9pr\u00e9sz.<\/p>\n","protected":false},"featured_media":16225,"template":"","meta":[],"product_brand":[],"product_cat":[1178,1172,1245],"product_tag":[1664,116,1041,217],"class_list":{"0":"post-15014","1":"product","2":"type-product","3":"status-publish","4":"has-post-thumbnail","6":"product_cat-ausztria","7":"product_cat-magyarorszag","8":"product_cat-szerbia","9":"product_tag-2nd-auction-hu","10":"product_tag-belyeg","11":"product_tag-marcophily-hu","12":"product_tag-tevnyomat","14":"first","15":"instock","16":"sold-individually","17":"shipping-taxable","18":"product-type-simple"},"_links":{"self":[{"href":"https:\/\/stampcurio.com\/hu\/wp-json\/wp\/v2\/product\/15014","targetHints":{"allow":["GET"]}}],"collection":[{"href":"https:\/\/stampcurio.com\/hu\/wp-json\/wp\/v2\/product"}],"about":[{"href":"https:\/\/stampcurio.com\/hu\/wp-json\/wp\/v2\/types\/product"}],"wp:featuredmedia":[{"embeddable":true,"href":"https:\/\/stampcurio.com\/hu\/wp-json\/wp\/v2\/media\/16225"}],"wp:attachment":[{"href":"https:\/\/stampcurio.com\/hu\/wp-json\/wp\/v2\/media?parent=15014"}],"wp:term":[{"taxonomy":"product_brand","embeddable":true,"href":"https:\/\/stampcurio.com\/hu\/wp-json\/wp\/v2\/product_brand?post=15014"},{"taxonomy":"product_cat","embeddable":true,"href":"https:\/\/stampcurio.com\/hu\/wp-json\/wp\/v2\/product_cat?post=15014"},{"taxonomy":"product_tag","embeddable":true,"href":"https:\/\/stampcurio.com\/hu\/wp-json\/wp\/v2\/product_tag?post=15014"}],"curies":[{"name":"wp","href":"https:\/\/api.w.org\/{rel}","templated":true}]}}