{"id":15013,"date":"2024-11-29T18:28:37","date_gmt":"2024-11-29T17:28:37","guid":{"rendered":"https:\/\/stampcurio.com\/product\/1875-finnorszag-1-marken-125-fog-mi-400-eur\/"},"modified":"2025-12-05T04:08:58","modified_gmt":"2025-12-05T03:08:58","slug":"1875-finnorszag-1-marken-belyeg-125-fogazattal-michel-400-eur-pruf-rudolph","status":"publish","type":"product","link":"https:\/\/stampcurio.com\/hu\/termek\/1875-finnorszag-1-marken-belyeg-125-fogazattal-michel-400-eur-pruf-rudolph\/","title":{"rendered":"1875 Finnorsz\u00e1g | 1 marken b\u00e9lyeg 12,5 fogazattal | Michel: 400 EUR | Pr\u00fcf: Rudolph"},"content":{"rendered":"","protected":false},"excerpt":{"rendered":"","protected":false},"featured_media":16253,"template":"","meta":[],"product_brand":[],"product_cat":[1219],"product_tag":[1664,116,1041],"class_list":{"0":"post-15013","1":"product","2":"type-product","3":"status-publish","4":"has-post-thumbnail","6":"product_cat-finnorszag","7":"product_tag-2nd-auction-hu","8":"product_tag-belyeg","9":"product_tag-marcophily-hu","11":"first","12":"instock","13":"sold-individually","14":"shipping-taxable","15":"product-type-simple"},"_links":{"self":[{"href":"https:\/\/stampcurio.com\/hu\/wp-json\/wp\/v2\/product\/15013","targetHints":{"allow":["GET"]}}],"collection":[{"href":"https:\/\/stampcurio.com\/hu\/wp-json\/wp\/v2\/product"}],"about":[{"href":"https:\/\/stampcurio.com\/hu\/wp-json\/wp\/v2\/types\/product"}],"wp:featuredmedia":[{"embeddable":true,"href":"https:\/\/stampcurio.com\/hu\/wp-json\/wp\/v2\/media\/16253"}],"wp:attachment":[{"href":"https:\/\/stampcurio.com\/hu\/wp-json\/wp\/v2\/media?parent=15013"}],"wp:term":[{"taxonomy":"product_brand","embeddable":true,"href":"https:\/\/stampcurio.com\/hu\/wp-json\/wp\/v2\/product_brand?post=15013"},{"taxonomy":"product_cat","embeddable":true,"href":"https:\/\/stampcurio.com\/hu\/wp-json\/wp\/v2\/product_cat?post=15013"},{"taxonomy":"product_tag","embeddable":true,"href":"https:\/\/stampcurio.com\/hu\/wp-json\/wp\/v2\/product_tag?post=15013"}],"curies":[{"name":"wp","href":"https:\/\/api.w.org\/{rel}","templated":true}]}}