{"id":15010,"date":"2024-11-29T18:28:36","date_gmt":"2024-11-29T17:28:36","guid":{"rendered":"https:\/\/stampcurio.com\/product\/xxx-norddeutschloyd-ritka-destinacio\/"},"modified":"2025-12-05T04:08:59","modified_gmt":"2025-12-05T03:08:59","slug":"1913-sierra-salvada-norddeutscher-lloyd-hajoval-kuldott-kepeslap-magyarorszagra-kratochwill-karolynak-vilagkoruli-utazasrol-ritka-destinacio","status":"publish","type":"product","link":"https:\/\/stampcurio.com\/hu\/termek\/1913-sierra-salvada-norddeutscher-lloyd-hajoval-kuldott-kepeslap-magyarorszagra-kratochwill-karolynak-vilagkoruli-utazasrol-ritka-destinacio\/","title":{"rendered":"1913 Sierra Salvada &#8211; Norddeutscher Lloyd haj\u00f3val k\u00fcld\u00f6tt k\u00e9peslap Magyarorsz\u00e1gra Kratochwill K\u00e1rolynak vil\u00e1gk\u00f6r\u00fcli utaz\u00e1sr\u00f3l &#8211; ritka destin\u00e1ci\u00f3"},"content":{"rendered":"","protected":false},"excerpt":{"rendered":"","protected":false},"featured_media":16459,"template":"","meta":[],"product_brand":[],"product_cat":[1229,1172,1290],"product_tag":[1664,116,1325,97,1627,89],"class_list":{"0":"post-15010","1":"product","2":"type-product","3":"status-publish","4":"has-post-thumbnail","6":"product_cat-argentina","7":"product_cat-magyarorszag","8":"product_cat-portugalia","9":"product_tag-2nd-auction-hu","10":"product_tag-belyeg","11":"product_tag-hajo","12":"product_tag-kepeslap","13":"product_tag-kratochwill","14":"product_tag-postatortenet","16":"first","17":"instock","18":"sold-individually","19":"shipping-taxable","20":"product-type-simple"},"_links":{"self":[{"href":"https:\/\/stampcurio.com\/hu\/wp-json\/wp\/v2\/product\/15010","targetHints":{"allow":["GET"]}}],"collection":[{"href":"https:\/\/stampcurio.com\/hu\/wp-json\/wp\/v2\/product"}],"about":[{"href":"https:\/\/stampcurio.com\/hu\/wp-json\/wp\/v2\/types\/product"}],"wp:featuredmedia":[{"embeddable":true,"href":"https:\/\/stampcurio.com\/hu\/wp-json\/wp\/v2\/media\/16459"}],"wp:attachment":[{"href":"https:\/\/stampcurio.com\/hu\/wp-json\/wp\/v2\/media?parent=15010"}],"wp:term":[{"taxonomy":"product_brand","embeddable":true,"href":"https:\/\/stampcurio.com\/hu\/wp-json\/wp\/v2\/product_brand?post=15010"},{"taxonomy":"product_cat","embeddable":true,"href":"https:\/\/stampcurio.com\/hu\/wp-json\/wp\/v2\/product_cat?post=15010"},{"taxonomy":"product_tag","embeddable":true,"href":"https:\/\/stampcurio.com\/hu\/wp-json\/wp\/v2\/product_tag?post=15010"}],"curies":[{"name":"wp","href":"https:\/\/api.w.org\/{rel}","templated":true}]}}