{"id":15009,"date":"2024-11-29T18:28:33","date_gmt":"2024-11-29T17:28:33","guid":{"rendered":"https:\/\/stampcurio.com\/product\/xxx-transvaal-cape-town-st-helena-szigeten-megirt-kepeslap-melyet-mar-csak-cape-townban-adtak-fel-ezert-a-szent-helena-belyeg-nincs-lebelyegezve\/"},"modified":"2025-12-05T04:09:01","modified_gmt":"2025-12-05T03:09:01","slug":"1913-st-helena-st-helena-szigeten-megirt-kepeslap-melyet-mar-csak-cape-townban-transvaal-adtak-fel-magyarorszagra-ezert-a-szent-helena-belyeg-nincs-lebelyegezve-a-cimzett-kratochwill-karoly","status":"publish","type":"product","link":"https:\/\/stampcurio.com\/hu\/termek\/1913-st-helena-st-helena-szigeten-megirt-kepeslap-melyet-mar-csak-cape-townban-transvaal-adtak-fel-magyarorszagra-ezert-a-szent-helena-belyeg-nincs-lebelyegezve-a-cimzett-kratochwill-karoly\/","title":{"rendered":"1913 St. Helena &#8211; St. Helena sziget\u00e9n meg\u00edrt k\u00e9peslap, melyet m\u00e1r csak Cape Townban (Transvaal) adtak fel Magyarorsz\u00e1gra, ez\u00e9rt a Szent-Helena b\u00e9lyeg nincs leb\u00e9lyegezve &#8211; a c\u00edmzett Kratochwill K\u00e1roly, vil\u00e1gk\u00f6r\u00fcli utaz\u00e1sr\u00f3l k\u00fcldve"},"content":{"rendered":"","protected":false},"excerpt":{"rendered":"","protected":false},"featured_media":16496,"template":"","meta":[],"product_brand":[],"product_cat":[1186,1216,1172],"product_tag":[1664,116,97,1627,89],"class_list":{"0":"post-15009","1":"product","2":"type-product","3":"status-publish","4":"has-post-thumbnail","6":"product_cat-brit-birodalom","7":"product_cat-del-afrikai-koztarsasag","8":"product_cat-magyarorszag","9":"product_tag-2nd-auction-hu","10":"product_tag-belyeg","11":"product_tag-kepeslap","12":"product_tag-kratochwill","13":"product_tag-postatortenet","15":"first","16":"instock","17":"sold-individually","18":"shipping-taxable","19":"product-type-simple"},"_links":{"self":[{"href":"https:\/\/stampcurio.com\/hu\/wp-json\/wp\/v2\/product\/15009","targetHints":{"allow":["GET"]}}],"collection":[{"href":"https:\/\/stampcurio.com\/hu\/wp-json\/wp\/v2\/product"}],"about":[{"href":"https:\/\/stampcurio.com\/hu\/wp-json\/wp\/v2\/types\/product"}],"wp:featuredmedia":[{"embeddable":true,"href":"https:\/\/stampcurio.com\/hu\/wp-json\/wp\/v2\/media\/16496"}],"wp:attachment":[{"href":"https:\/\/stampcurio.com\/hu\/wp-json\/wp\/v2\/media?parent=15009"}],"wp:term":[{"taxonomy":"product_brand","embeddable":true,"href":"https:\/\/stampcurio.com\/hu\/wp-json\/wp\/v2\/product_brand?post=15009"},{"taxonomy":"product_cat","embeddable":true,"href":"https:\/\/stampcurio.com\/hu\/wp-json\/wp\/v2\/product_cat?post=15009"},{"taxonomy":"product_tag","embeddable":true,"href":"https:\/\/stampcurio.com\/hu\/wp-json\/wp\/v2\/product_tag?post=15009"}],"curies":[{"name":"wp","href":"https:\/\/api.w.org\/{rel}","templated":true}]}}