{"id":15008,"date":"2024-11-29T18:28:33","date_gmt":"2024-11-29T17:28:33","guid":{"rendered":"https:\/\/stampcurio.com\/product\/xxx-natal-gb-gyarmat-lady-smith\/"},"modified":"2025-12-05T04:09:00","modified_gmt":"2025-12-05T03:09:00","slug":"1913-natal-magyarorszagra-kuldott-kepeslap-kratochwill-karolynak-cimezve-a-vilagkoruli-utazasrol","status":"publish","type":"product","link":"https:\/\/stampcurio.com\/hu\/termek\/1913-natal-magyarorszagra-kuldott-kepeslap-kratochwill-karolynak-cimezve-a-vilagkoruli-utazasrol\/","title":{"rendered":"1913 Natal &#8211; Magyarorsz\u00e1gra k\u00fcld\u00f6tt k\u00e9peslap Kratochwill K\u00e1rolynak c\u00edmezve a vil\u00e1gk\u00f6r\u00fcli utaz\u00e1sr\u00f3l"},"content":{"rendered":"","protected":false},"excerpt":{"rendered":"","protected":false},"featured_media":16367,"template":"","meta":[],"product_brand":[],"product_cat":[1186,1216,1172],"product_tag":[1664,116,97,1627,89],"class_list":{"0":"post-15008","1":"product","2":"type-product","3":"status-publish","4":"has-post-thumbnail","6":"product_cat-brit-birodalom","7":"product_cat-del-afrikai-koztarsasag","8":"product_cat-magyarorszag","9":"product_tag-2nd-auction-hu","10":"product_tag-belyeg","11":"product_tag-kepeslap","12":"product_tag-kratochwill","13":"product_tag-postatortenet","15":"first","16":"instock","17":"sold-individually","18":"shipping-taxable","19":"product-type-simple"},"_links":{"self":[{"href":"https:\/\/stampcurio.com\/hu\/wp-json\/wp\/v2\/product\/15008","targetHints":{"allow":["GET"]}}],"collection":[{"href":"https:\/\/stampcurio.com\/hu\/wp-json\/wp\/v2\/product"}],"about":[{"href":"https:\/\/stampcurio.com\/hu\/wp-json\/wp\/v2\/types\/product"}],"wp:featuredmedia":[{"embeddable":true,"href":"https:\/\/stampcurio.com\/hu\/wp-json\/wp\/v2\/media\/16367"}],"wp:attachment":[{"href":"https:\/\/stampcurio.com\/hu\/wp-json\/wp\/v2\/media?parent=15008"}],"wp:term":[{"taxonomy":"product_brand","embeddable":true,"href":"https:\/\/stampcurio.com\/hu\/wp-json\/wp\/v2\/product_brand?post=15008"},{"taxonomy":"product_cat","embeddable":true,"href":"https:\/\/stampcurio.com\/hu\/wp-json\/wp\/v2\/product_cat?post=15008"},{"taxonomy":"product_tag","embeddable":true,"href":"https:\/\/stampcurio.com\/hu\/wp-json\/wp\/v2\/product_tag?post=15008"}],"curies":[{"name":"wp","href":"https:\/\/api.w.org\/{rel}","templated":true}]}}