{"id":15006,"date":"2024-11-29T18:28:32","date_gmt":"2024-11-29T17:28:32","guid":{"rendered":"https:\/\/stampcurio.com\/product\/xxx-johore-malajzia-ritka-dest\/"},"modified":"2025-12-05T04:09:01","modified_gmt":"2025-12-05T03:09:01","slug":"1914-johore-malajziabol-magyarorszagra-kuldott-kepeslap-kratochwill-karolynak-cimezve-vilagkoruli-utazasrol-ritka-destinacio","status":"publish","type":"product","link":"https:\/\/stampcurio.com\/hu\/termek\/1914-johore-malajziabol-magyarorszagra-kuldott-kepeslap-kratochwill-karolynak-cimezve-vilagkoruli-utazasrol-ritka-destinacio\/","title":{"rendered":"1914 Johore &#8211; Malajzi\u00e1b\u00f3l Magyarorsz\u00e1gra k\u00fcld\u00f6tt k\u00e9peslap Kratochwill K\u00e1rolynak c\u00edmezve vil\u00e1gk\u00f6r\u00fcli utaz\u00e1sr\u00f3l &#8211; ritka destin\u00e1ci\u00f3"},"content":{"rendered":"","protected":false},"excerpt":{"rendered":"","protected":false},"featured_media":16257,"template":"","meta":[],"product_brand":[],"product_cat":[1172,1214],"product_tag":[1664,116,97,1627,1041,89],"class_list":{"0":"post-15006","1":"product","2":"type-product","3":"status-publish","4":"has-post-thumbnail","6":"product_cat-magyarorszag","7":"product_cat-malajzia","8":"product_tag-2nd-auction-hu","9":"product_tag-belyeg","10":"product_tag-kepeslap","11":"product_tag-kratochwill","12":"product_tag-marcophily-hu","13":"product_tag-postatortenet","15":"first","16":"instock","17":"sold-individually","18":"shipping-taxable","19":"product-type-simple"},"_links":{"self":[{"href":"https:\/\/stampcurio.com\/hu\/wp-json\/wp\/v2\/product\/15006","targetHints":{"allow":["GET"]}}],"collection":[{"href":"https:\/\/stampcurio.com\/hu\/wp-json\/wp\/v2\/product"}],"about":[{"href":"https:\/\/stampcurio.com\/hu\/wp-json\/wp\/v2\/types\/product"}],"wp:featuredmedia":[{"embeddable":true,"href":"https:\/\/stampcurio.com\/hu\/wp-json\/wp\/v2\/media\/16257"}],"wp:attachment":[{"href":"https:\/\/stampcurio.com\/hu\/wp-json\/wp\/v2\/media?parent=15006"}],"wp:term":[{"taxonomy":"product_brand","embeddable":true,"href":"https:\/\/stampcurio.com\/hu\/wp-json\/wp\/v2\/product_brand?post=15006"},{"taxonomy":"product_cat","embeddable":true,"href":"https:\/\/stampcurio.com\/hu\/wp-json\/wp\/v2\/product_cat?post=15006"},{"taxonomy":"product_tag","embeddable":true,"href":"https:\/\/stampcurio.com\/hu\/wp-json\/wp\/v2\/product_tag?post=15006"}],"curies":[{"name":"wp","href":"https:\/\/api.w.org\/{rel}","templated":true}]}}