{"id":15005,"date":"2024-11-29T18:28:32","date_gmt":"2024-11-29T17:28:32","guid":{"rendered":"https:\/\/stampcurio.com\/product\/xxx-indokina-ket-levlap-ketfele-bermentesites\/"},"modified":"2025-12-05T04:09:01","modified_gmt":"2025-12-05T03:09:01","slug":"1914-indokina-ket-levelezesi-lap-ketfele-bermentesitessel-magyarorszagra-kuldve-kratochwill-karolynak-cimezve-vilagkoruli-utazasrol","status":"publish","type":"product","link":"https:\/\/stampcurio.com\/hu\/termek\/1914-indokina-ket-levelezesi-lap-ketfele-bermentesitessel-magyarorszagra-kuldve-kratochwill-karolynak-cimezve-vilagkoruli-utazasrol\/","title":{"rendered":"1914 Indok\u00edna &#8211; k\u00e9t levelez\u00e9si lap, k\u00e9tf\u00e9le b\u00e9rmentes\u00edt\u00e9ssel Magyarorsz\u00e1gra k\u00fcldve Kratochwill K\u00e1rolynak c\u00edmezve vil\u00e1gk\u00f6r\u00fcli utaz\u00e1sr\u00f3l"},"content":{"rendered":"","protected":false},"excerpt":{"rendered":"","protected":false},"featured_media":16079,"template":"","meta":[],"product_brand":[],"product_cat":[1213,1172,1212],"product_tag":[1664,116,97,1627,1041,89],"class_list":{"0":"post-15005","1":"product","2":"type-product","3":"status-publish","4":"has-post-thumbnail","6":"product_cat-kambodzsa","7":"product_cat-magyarorszag","8":"product_cat-vietnam","9":"product_tag-2nd-auction-hu","10":"product_tag-belyeg","11":"product_tag-kepeslap","12":"product_tag-kratochwill","13":"product_tag-marcophily-hu","14":"product_tag-postatortenet","16":"first","17":"instock","18":"sold-individually","19":"shipping-taxable","20":"product-type-simple"},"_links":{"self":[{"href":"https:\/\/stampcurio.com\/hu\/wp-json\/wp\/v2\/product\/15005","targetHints":{"allow":["GET"]}}],"collection":[{"href":"https:\/\/stampcurio.com\/hu\/wp-json\/wp\/v2\/product"}],"about":[{"href":"https:\/\/stampcurio.com\/hu\/wp-json\/wp\/v2\/types\/product"}],"wp:featuredmedia":[{"embeddable":true,"href":"https:\/\/stampcurio.com\/hu\/wp-json\/wp\/v2\/media\/16079"}],"wp:attachment":[{"href":"https:\/\/stampcurio.com\/hu\/wp-json\/wp\/v2\/media?parent=15005"}],"wp:term":[{"taxonomy":"product_brand","embeddable":true,"href":"https:\/\/stampcurio.com\/hu\/wp-json\/wp\/v2\/product_brand?post=15005"},{"taxonomy":"product_cat","embeddable":true,"href":"https:\/\/stampcurio.com\/hu\/wp-json\/wp\/v2\/product_cat?post=15005"},{"taxonomy":"product_tag","embeddable":true,"href":"https:\/\/stampcurio.com\/hu\/wp-json\/wp\/v2\/product_tag?post=15005"}],"curies":[{"name":"wp","href":"https:\/\/api.w.org\/{rel}","templated":true}]}}