{"id":15004,"date":"2024-11-29T18:28:31","date_gmt":"2024-11-29T17:28:31","guid":{"rendered":"https:\/\/stampcurio.com\/product\/xxx-zanzibar-kulonfele-bermentesitesek\/"},"modified":"2025-12-05T04:09:02","modified_gmt":"2025-12-05T03:09:02","slug":"1913-zanzibar-harom-kepeslap-magyarorszagra-kuldve-ritka-postai-relacio-kratochwill-fele-vilag-koruli-utazas","status":"publish","type":"product","link":"https:\/\/stampcurio.com\/hu\/termek\/1913-zanzibar-harom-kepeslap-magyarorszagra-kuldve-ritka-postai-relacio-kratochwill-fele-vilag-koruli-utazas\/","title":{"rendered":"1913 Zanzib\u00e1r \u2013 h\u00e1rom k\u00e9peslap Magyarorsz\u00e1gra k\u00fcldve &#8211; ritka postai rel\u00e1ci\u00f3 \u2013 Kratochwill f\u00e9le vil\u00e1g k\u00f6r\u00fcli utaz\u00e1s"},"content":{"rendered":"","protected":false},"excerpt":{"rendered":"","protected":false},"featured_media":24149,"template":"","meta":[],"product_brand":[],"product_cat":[1172,1211],"product_tag":[1664,116,97,1627,89],"class_list":{"0":"post-15004","1":"product","2":"type-product","3":"status-publish","4":"has-post-thumbnail","6":"product_cat-magyarorszag","7":"product_cat-tanzania","8":"product_tag-2nd-auction-hu","9":"product_tag-belyeg","10":"product_tag-kepeslap","11":"product_tag-kratochwill","12":"product_tag-postatortenet","14":"first","15":"instock","16":"sold-individually","17":"shipping-taxable","18":"product-type-simple"},"_links":{"self":[{"href":"https:\/\/stampcurio.com\/hu\/wp-json\/wp\/v2\/product\/15004","targetHints":{"allow":["GET"]}}],"collection":[{"href":"https:\/\/stampcurio.com\/hu\/wp-json\/wp\/v2\/product"}],"about":[{"href":"https:\/\/stampcurio.com\/hu\/wp-json\/wp\/v2\/types\/product"}],"wp:featuredmedia":[{"embeddable":true,"href":"https:\/\/stampcurio.com\/hu\/wp-json\/wp\/v2\/media\/24149"}],"wp:attachment":[{"href":"https:\/\/stampcurio.com\/hu\/wp-json\/wp\/v2\/media?parent=15004"}],"wp:term":[{"taxonomy":"product_brand","embeddable":true,"href":"https:\/\/stampcurio.com\/hu\/wp-json\/wp\/v2\/product_brand?post=15004"},{"taxonomy":"product_cat","embeddable":true,"href":"https:\/\/stampcurio.com\/hu\/wp-json\/wp\/v2\/product_cat?post=15004"},{"taxonomy":"product_tag","embeddable":true,"href":"https:\/\/stampcurio.com\/hu\/wp-json\/wp\/v2\/product_tag?post=15004"}],"curies":[{"name":"wp","href":"https:\/\/api.w.org\/{rel}","templated":true}]}}