{"id":15000,"date":"2024-11-29T18:28:30","date_gmt":"2024-11-29T17:28:30","guid":{"rendered":"https:\/\/stampcurio.com\/product\/xxx-himalaja-seed-store-mosurele-city-vp-parcel-post-paid-csomaggal-kuldott-level-vp100-xxx-12-anna-fizetve-vp-parcelre-ket-anna-leveldij-stamp-label-registered\/"},"modified":"2025-12-05T04:09:03","modified_gmt":"2025-12-05T03:09:03","slug":"1899-india-mussoorie-himalaya-seed-store-bol-v-p-parcel-post-paid-tipusu-csomaggal-kuldott-level-a-2-anna-belyegen-h-s-s-perfin-ritka-kuldemenyfajta","status":"publish","type":"product","link":"https:\/\/stampcurio.com\/hu\/termek\/1899-india-mussoorie-himalaya-seed-store-bol-v-p-parcel-post-paid-tipusu-csomaggal-kuldott-level-a-2-anna-belyegen-h-s-s-perfin-ritka-kuldemenyfajta\/","title":{"rendered":"1899 India &#8211; Mussoorie Himalaya Seed Store-b\u00f3l &#8220;V.P. parcel post paid&#8221; t\u00edpus\u00fa csomaggal k\u00fcld\u00f6tt lev\u00e9l. A 2 Anna b\u00e9lyegen H.S.S. perfin &#8211; ritka k\u00fcldem\u00e9nyfajta"},"content":{"rendered":"","protected":false},"excerpt":{"rendered":"<p>K\u00f6z\u00e9pen hajt\u00e1snyom \u00e9s szakad\u00e1s<\/p>\n","protected":false},"featured_media":16269,"template":"","meta":[],"product_brand":[],"product_cat":[1186,1206],"product_tag":[1664,230,89,405],"class_list":{"0":"post-15000","1":"product","2":"type-product","3":"status-publish","4":"has-post-thumbnail","6":"product_cat-brit-birodalom","7":"product_cat-india","8":"product_tag-2nd-auction-hu","9":"product_tag-perfin","10":"product_tag-postatortenet","11":"product_tag-ragjegy","13":"first","14":"instock","15":"sold-individually","16":"shipping-taxable","17":"product-type-simple"},"_links":{"self":[{"href":"https:\/\/stampcurio.com\/hu\/wp-json\/wp\/v2\/product\/15000","targetHints":{"allow":["GET"]}}],"collection":[{"href":"https:\/\/stampcurio.com\/hu\/wp-json\/wp\/v2\/product"}],"about":[{"href":"https:\/\/stampcurio.com\/hu\/wp-json\/wp\/v2\/types\/product"}],"wp:featuredmedia":[{"embeddable":true,"href":"https:\/\/stampcurio.com\/hu\/wp-json\/wp\/v2\/media\/16269"}],"wp:attachment":[{"href":"https:\/\/stampcurio.com\/hu\/wp-json\/wp\/v2\/media?parent=15000"}],"wp:term":[{"taxonomy":"product_brand","embeddable":true,"href":"https:\/\/stampcurio.com\/hu\/wp-json\/wp\/v2\/product_brand?post=15000"},{"taxonomy":"product_cat","embeddable":true,"href":"https:\/\/stampcurio.com\/hu\/wp-json\/wp\/v2\/product_cat?post=15000"},{"taxonomy":"product_tag","embeddable":true,"href":"https:\/\/stampcurio.com\/hu\/wp-json\/wp\/v2\/product_tag?post=15000"}],"curies":[{"name":"wp","href":"https:\/\/api.w.org\/{rel}","templated":true}]}}