{"id":14999,"date":"2024-11-29T18:28:30","date_gmt":"2024-11-29T17:28:30","guid":{"rendered":"https:\/\/stampcurio.com\/product\/18xx-03-14-1890-korul-india-helyi-plusz-angol-gyarmati-belyeggel-bermentesitett-kuldemeny-xxx\/"},"modified":"2025-12-05T04:09:03","modified_gmt":"2025-12-05T03:09:03","slug":"1890-korul-india-feudatory-state-indiai-vegyes-bermentesitesu-kuldemeny","status":"publish","type":"product","link":"https:\/\/stampcurio.com\/hu\/termek\/1890-korul-india-feudatory-state-indiai-vegyes-bermentesitesu-kuldemeny\/","title":{"rendered":"1890 k\u00f6r\u00fcl India &#8211; &#8220;Feudatory State&#8221; + indiai vegyes b\u00e9rmentes\u00edt\u00e9s\u0171 k\u00fcldem\u00e9ny"},"content":{"rendered":"","protected":false},"excerpt":{"rendered":"","protected":false},"featured_media":16451,"template":"","meta":[],"product_brand":[],"product_cat":[1186,1206],"product_tag":[1664,116,89],"class_list":{"0":"post-14999","1":"product","2":"type-product","3":"status-publish","4":"has-post-thumbnail","6":"product_cat-brit-birodalom","7":"product_cat-india","8":"product_tag-2nd-auction-hu","9":"product_tag-belyeg","10":"product_tag-postatortenet","12":"first","13":"instock","14":"sold-individually","15":"shipping-taxable","16":"product-type-simple"},"_links":{"self":[{"href":"https:\/\/stampcurio.com\/hu\/wp-json\/wp\/v2\/product\/14999","targetHints":{"allow":["GET"]}}],"collection":[{"href":"https:\/\/stampcurio.com\/hu\/wp-json\/wp\/v2\/product"}],"about":[{"href":"https:\/\/stampcurio.com\/hu\/wp-json\/wp\/v2\/types\/product"}],"wp:featuredmedia":[{"embeddable":true,"href":"https:\/\/stampcurio.com\/hu\/wp-json\/wp\/v2\/media\/16451"}],"wp:attachment":[{"href":"https:\/\/stampcurio.com\/hu\/wp-json\/wp\/v2\/media?parent=14999"}],"wp:term":[{"taxonomy":"product_brand","embeddable":true,"href":"https:\/\/stampcurio.com\/hu\/wp-json\/wp\/v2\/product_brand?post=14999"},{"taxonomy":"product_cat","embeddable":true,"href":"https:\/\/stampcurio.com\/hu\/wp-json\/wp\/v2\/product_cat?post=14999"},{"taxonomy":"product_tag","embeddable":true,"href":"https:\/\/stampcurio.com\/hu\/wp-json\/wp\/v2\/product_tag?post=14999"}],"curies":[{"name":"wp","href":"https:\/\/api.w.org\/{rel}","templated":true}]}}