{"id":14998,"date":"2024-11-29T18:28:30","date_gmt":"2024-11-29T17:28:30","guid":{"rendered":"https:\/\/stampcurio.com\/product\/xxx-shs-tabori-posta-felulnyomott-ket-db-probanyomat-15x-1-normal-lap-xxx\/"},"modified":"2025-12-05T04:09:03","modified_gmt":"2025-12-05T03:09:03","slug":"1919-shs-dijjegyes-levelezes-lap-felulnyomat-probanyomatok-egy-vegleges-nyomasu-lap-osztrak-es-magyar-tabori-posta-lapokon","status":"publish","type":"product","link":"https:\/\/stampcurio.com\/hu\/termek\/1919-shs-dijjegyes-levelezes-lap-felulnyomat-probanyomatok-egy-vegleges-nyomasu-lap-osztrak-es-magyar-tabori-posta-lapokon\/","title":{"rendered":"1919 SHS &#8211; d\u00edjjegyes levelez\u00e9s lap fel\u00fclnyomat pr\u00f3banyomatok + egy v\u00e9gleges nyom\u00e1s\u00fa lap &#8211; osztr\u00e1k \u00e9s magyar t\u00e1bori posta lapokon"},"content":{"rendered":"","protected":false},"excerpt":{"rendered":"","protected":false},"featured_media":23584,"template":"","meta":[],"product_brand":[],"product_cat":[1178,1222,1192,1172,1245,1236],"product_tag":[1664,74,89,390,208],"class_list":{"0":"post-14998","1":"product","2":"type-product","3":"status-publish","4":"has-post-thumbnail","6":"product_cat-ausztria","7":"product_cat-bosznia-hercegovina","8":"product_cat-horvatorszag","9":"product_cat-magyarorszag","10":"product_cat-szerbia","11":"product_cat-szlovenia","12":"product_tag-2nd-auction-hu","13":"product_tag-dijjegyes","14":"product_tag-postatortenet","15":"product_tag-probanyomat","16":"product_tag-tabori-posta","18":"first","19":"instock","20":"sold-individually","21":"shipping-taxable","22":"product-type-simple"},"_links":{"self":[{"href":"https:\/\/stampcurio.com\/hu\/wp-json\/wp\/v2\/product\/14998","targetHints":{"allow":["GET"]}}],"collection":[{"href":"https:\/\/stampcurio.com\/hu\/wp-json\/wp\/v2\/product"}],"about":[{"href":"https:\/\/stampcurio.com\/hu\/wp-json\/wp\/v2\/types\/product"}],"wp:featuredmedia":[{"embeddable":true,"href":"https:\/\/stampcurio.com\/hu\/wp-json\/wp\/v2\/media\/23584"}],"wp:attachment":[{"href":"https:\/\/stampcurio.com\/hu\/wp-json\/wp\/v2\/media?parent=14998"}],"wp:term":[{"taxonomy":"product_brand","embeddable":true,"href":"https:\/\/stampcurio.com\/hu\/wp-json\/wp\/v2\/product_brand?post=14998"},{"taxonomy":"product_cat","embeddable":true,"href":"https:\/\/stampcurio.com\/hu\/wp-json\/wp\/v2\/product_cat?post=14998"},{"taxonomy":"product_tag","embeddable":true,"href":"https:\/\/stampcurio.com\/hu\/wp-json\/wp\/v2\/product_tag?post=14998"}],"curies":[{"name":"wp","href":"https:\/\/api.w.org\/{rel}","templated":true}]}}