{"id":14997,"date":"2024-11-29T18:28:29","date_gmt":"2024-11-29T17:28:29","guid":{"rendered":"https:\/\/stampcurio.com\/product\/1919-shs-felulnyomott-6f-dijjegyes-varians-20-para-6f-ritka\/"},"modified":"2025-12-05T04:09:05","modified_gmt":"2025-12-05T03:09:05","slug":"1919-shs-felulnyomott-20-para-6-f-ritka-zart-levelezolap","status":"publish","type":"product","link":"https:\/\/stampcurio.com\/hu\/termek\/1919-shs-felulnyomott-20-para-6-f-ritka-zart-levelezolap\/","title":{"rendered":"1919 SHS &#8211; fel\u00fclnyomott 20 para \/ 6 f ritka z\u00e1rt levelez\u0151lap"},"content":{"rendered":"","protected":false},"excerpt":{"rendered":"<p>K\u00f6z\u00e9pen f\u00fcgg\u0151leges szolid hajt\u00e1snyom<\/p>\n","protected":false},"featured_media":16221,"template":"","meta":[],"product_brand":[],"product_cat":[1222,1192,1245,1236],"product_tag":[1664,74,89],"class_list":{"0":"post-14997","1":"product","2":"type-product","3":"status-publish","4":"has-post-thumbnail","6":"product_cat-bosznia-hercegovina","7":"product_cat-horvatorszag","8":"product_cat-szerbia","9":"product_cat-szlovenia","10":"product_tag-2nd-auction-hu","11":"product_tag-dijjegyes","12":"product_tag-postatortenet","14":"first","15":"instock","16":"sold-individually","17":"shipping-taxable","18":"product-type-simple"},"_links":{"self":[{"href":"https:\/\/stampcurio.com\/hu\/wp-json\/wp\/v2\/product\/14997","targetHints":{"allow":["GET"]}}],"collection":[{"href":"https:\/\/stampcurio.com\/hu\/wp-json\/wp\/v2\/product"}],"about":[{"href":"https:\/\/stampcurio.com\/hu\/wp-json\/wp\/v2\/types\/product"}],"wp:featuredmedia":[{"embeddable":true,"href":"https:\/\/stampcurio.com\/hu\/wp-json\/wp\/v2\/media\/16221"}],"wp:attachment":[{"href":"https:\/\/stampcurio.com\/hu\/wp-json\/wp\/v2\/media?parent=14997"}],"wp:term":[{"taxonomy":"product_brand","embeddable":true,"href":"https:\/\/stampcurio.com\/hu\/wp-json\/wp\/v2\/product_brand?post=14997"},{"taxonomy":"product_cat","embeddable":true,"href":"https:\/\/stampcurio.com\/hu\/wp-json\/wp\/v2\/product_cat?post=14997"},{"taxonomy":"product_tag","embeddable":true,"href":"https:\/\/stampcurio.com\/hu\/wp-json\/wp\/v2\/product_tag?post=14997"}],"curies":[{"name":"wp","href":"https:\/\/api.w.org\/{rel}","templated":true}]}}