{"id":14996,"date":"2024-11-29T18:28:29","date_gmt":"2024-11-29T17:28:29","guid":{"rendered":"https:\/\/stampcurio.com\/product\/1924-torokorszag-xxx-sor-postatiszta-az-ivszel-a-belyegek-hatuljara-tapadva-mi-1000-eur\/"},"modified":"2025-12-05T04:09:05","modified_gmt":"2025-12-05T03:09:05","slug":"1924-torokorszag-lausanne-beke-egyezmeny-postatiszta-sor-az-ivszel-a-belyeg-hatuljara-tapadva-michel-500-eur","status":"publish","type":"product","link":"https:\/\/stampcurio.com\/hu\/termek\/1924-torokorszag-lausanne-beke-egyezmeny-postatiszta-sor-az-ivszel-a-belyeg-hatuljara-tapadva-michel-500-eur\/","title":{"rendered":"1924 T\u00f6r\u00f6korsz\u00e1g &#8211; Lausanne B\u00e9ke Egyezm\u00e9ny postatiszta * sor &#8211; Az \u00edvsz\u00e9l a b\u00e9lyeg h\u00e1tulj\u00e1ra tapadva | Michel: 500 EUR"},"content":{"rendered":"","protected":false},"excerpt":{"rendered":"","protected":false},"featured_media":16309,"template":"","meta":[],"product_brand":[],"product_cat":[1188],"product_tag":[1664,116,1006],"class_list":{"0":"post-14996","1":"product","2":"type-product","3":"status-publish","4":"has-post-thumbnail","6":"product_cat-torokorszag","7":"product_tag-2nd-auction-hu","8":"product_tag-belyeg","9":"product_tag-unsold","11":"first","12":"instock","13":"sold-individually","14":"shipping-taxable","15":"product-type-simple"},"_links":{"self":[{"href":"https:\/\/stampcurio.com\/hu\/wp-json\/wp\/v2\/product\/14996","targetHints":{"allow":["GET"]}}],"collection":[{"href":"https:\/\/stampcurio.com\/hu\/wp-json\/wp\/v2\/product"}],"about":[{"href":"https:\/\/stampcurio.com\/hu\/wp-json\/wp\/v2\/types\/product"}],"wp:featuredmedia":[{"embeddable":true,"href":"https:\/\/stampcurio.com\/hu\/wp-json\/wp\/v2\/media\/16309"}],"wp:attachment":[{"href":"https:\/\/stampcurio.com\/hu\/wp-json\/wp\/v2\/media?parent=14996"}],"wp:term":[{"taxonomy":"product_brand","embeddable":true,"href":"https:\/\/stampcurio.com\/hu\/wp-json\/wp\/v2\/product_brand?post=14996"},{"taxonomy":"product_cat","embeddable":true,"href":"https:\/\/stampcurio.com\/hu\/wp-json\/wp\/v2\/product_cat?post=14996"},{"taxonomy":"product_tag","embeddable":true,"href":"https:\/\/stampcurio.com\/hu\/wp-json\/wp\/v2\/product_tag?post=14996"}],"curies":[{"name":"wp","href":"https:\/\/api.w.org\/{rel}","templated":true}]}}