{"id":14995,"date":"2024-11-29T18:28:29","date_gmt":"2024-11-29T17:28:29","guid":{"rendered":"https:\/\/stampcurio.com\/product\/1924-hohe-rinnere-kuldott-level-ritka-bejovo-kuldemeny-255-banis-roman-belyegekkel-piros-tarifahelyes-bermentesitessel-viseltes-level\/"},"modified":"2025-12-05T04:09:04","modified_gmt":"2025-12-05T03:09:04","slug":"1924-hohe-rinne-a-hotelba-kuldott-level-ritka-bejovo-kuldemeny-viseltes","status":"publish","type":"product","link":"https:\/\/stampcurio.com\/hu\/termek\/1924-hohe-rinne-a-hotelba-kuldott-level-ritka-bejovo-kuldemeny-viseltes\/","title":{"rendered":"1924 Hohe Rinne &#8211; A hotelba k\u00fcld\u00f6tt lev\u00e9l, ritka bej\u00f6v\u0151 k\u00fcldem\u00e9ny &#8211; viseltes"},"content":{"rendered":"","protected":false},"excerpt":{"rendered":"","protected":false},"featured_media":16073,"template":"","meta":[],"product_brand":[],"product_cat":[1172,1208],"product_tag":[1664,116,175,89],"class_list":{"0":"post-14995","1":"product","2":"type-product","3":"status-publish","4":"has-post-thumbnail","6":"product_cat-magyarorszag","7":"product_cat-romania","8":"product_tag-2nd-auction-hu","9":"product_tag-belyeg","10":"product_tag-hotelposta","11":"product_tag-postatortenet","13":"first","14":"instock","15":"sold-individually","16":"shipping-taxable","17":"product-type-simple"},"_links":{"self":[{"href":"https:\/\/stampcurio.com\/hu\/wp-json\/wp\/v2\/product\/14995","targetHints":{"allow":["GET"]}}],"collection":[{"href":"https:\/\/stampcurio.com\/hu\/wp-json\/wp\/v2\/product"}],"about":[{"href":"https:\/\/stampcurio.com\/hu\/wp-json\/wp\/v2\/types\/product"}],"wp:featuredmedia":[{"embeddable":true,"href":"https:\/\/stampcurio.com\/hu\/wp-json\/wp\/v2\/media\/16073"}],"wp:attachment":[{"href":"https:\/\/stampcurio.com\/hu\/wp-json\/wp\/v2\/media?parent=14995"}],"wp:term":[{"taxonomy":"product_brand","embeddable":true,"href":"https:\/\/stampcurio.com\/hu\/wp-json\/wp\/v2\/product_brand?post=14995"},{"taxonomy":"product_cat","embeddable":true,"href":"https:\/\/stampcurio.com\/hu\/wp-json\/wp\/v2\/product_cat?post=14995"},{"taxonomy":"product_tag","embeddable":true,"href":"https:\/\/stampcurio.com\/hu\/wp-json\/wp\/v2\/product_tag?post=14995"}],"curies":[{"name":"wp","href":"https:\/\/api.w.org\/{rel}","templated":true}]}}