{"id":14994,"date":"2024-11-29T18:28:28","date_gmt":"2024-11-29T17:28:28","guid":{"rendered":"https:\/\/stampcurio.com\/product\/1901-korfu-gorogorszag-dijjegyes-5-lettas-kepeslap-dombornyomasu\/"},"modified":"2025-12-05T04:09:06","modified_gmt":"2025-12-05T03:09:06","slug":"1901-gorogorszag-dombornyomasu-dijjegyes-korfui-levelezolap","status":"publish","type":"product","link":"https:\/\/stampcurio.com\/hu\/termek\/1901-gorogorszag-dombornyomasu-dijjegyes-korfui-levelezolap\/","title":{"rendered":"1901 G\u00f6r\u00f6gorsz\u00e1g &#8211; Dombornyom\u00e1s\u00fa d\u00edjjegyes korfui levelez\u0151lap"},"content":{"rendered":"","protected":false},"excerpt":{"rendered":"","protected":false},"featured_media":16424,"template":"","meta":[],"product_brand":[],"product_cat":[1178,1207],"product_tag":[1664,116,74,97],"class_list":{"0":"post-14994","1":"product","2":"type-product","3":"status-publish","4":"has-post-thumbnail","6":"product_cat-ausztria","7":"product_cat-gorogorszag","8":"product_tag-2nd-auction-hu","9":"product_tag-belyeg","10":"product_tag-dijjegyes","11":"product_tag-kepeslap","13":"first","14":"instock","15":"sold-individually","16":"shipping-taxable","17":"product-type-simple"},"_links":{"self":[{"href":"https:\/\/stampcurio.com\/hu\/wp-json\/wp\/v2\/product\/14994","targetHints":{"allow":["GET"]}}],"collection":[{"href":"https:\/\/stampcurio.com\/hu\/wp-json\/wp\/v2\/product"}],"about":[{"href":"https:\/\/stampcurio.com\/hu\/wp-json\/wp\/v2\/types\/product"}],"wp:featuredmedia":[{"embeddable":true,"href":"https:\/\/stampcurio.com\/hu\/wp-json\/wp\/v2\/media\/16424"}],"wp:attachment":[{"href":"https:\/\/stampcurio.com\/hu\/wp-json\/wp\/v2\/media?parent=14994"}],"wp:term":[{"taxonomy":"product_brand","embeddable":true,"href":"https:\/\/stampcurio.com\/hu\/wp-json\/wp\/v2\/product_brand?post=14994"},{"taxonomy":"product_cat","embeddable":true,"href":"https:\/\/stampcurio.com\/hu\/wp-json\/wp\/v2\/product_cat?post=14994"},{"taxonomy":"product_tag","embeddable":true,"href":"https:\/\/stampcurio.com\/hu\/wp-json\/wp\/v2\/product_tag?post=14994"}],"curies":[{"name":"wp","href":"https:\/\/api.w.org\/{rel}","templated":true}]}}