{"id":14993,"date":"2024-11-29T18:28:28","date_gmt":"2024-11-29T17:28:28","guid":{"rendered":"https:\/\/stampcurio.com\/product\/1924-mount-everest-expedicio-alkalmi-belyege-es-belyegzese-1-annas-berm-indiabol-angliaba\/"},"modified":"2025-12-05T04:09:06","modified_gmt":"2025-12-05T03:09:06","slug":"1924-tibet-mount-everest-expedicio-alkalmi-belyege-es-belyegzese-levelezolapon-angliaba-kuldve","status":"publish","type":"product","link":"https:\/\/stampcurio.com\/hu\/termek\/1924-tibet-mount-everest-expedicio-alkalmi-belyege-es-belyegzese-levelezolapon-angliaba-kuldve\/","title":{"rendered":"1924 Tibet &#8211; Mount Everest exped\u00edci\u00f3 alkalmi b\u00e9lyege \u00e9s b\u00e9lyegz\u00e9se levelez\u0151lapon Angli\u00e1ba k\u00fcldve"},"content":{"rendered":"","protected":false},"excerpt":{"rendered":"","protected":false},"featured_media":16414,"template":"","meta":[],"product_brand":[],"product_cat":[1186,1206,1205],"product_tag":[1664,116,97,1041,288,89],"class_list":{"0":"post-14993","1":"product","2":"type-product","3":"status-publish","4":"has-post-thumbnail","6":"product_cat-brit-birodalom","7":"product_cat-india","8":"product_cat-nepal","9":"product_tag-2nd-auction-hu","10":"product_tag-belyeg","11":"product_tag-kepeslap","12":"product_tag-marcophily-hu","13":"product_tag-parafilatelia","14":"product_tag-postatortenet","16":"first","17":"instock","18":"sold-individually","19":"shipping-taxable","20":"product-type-simple"},"_links":{"self":[{"href":"https:\/\/stampcurio.com\/hu\/wp-json\/wp\/v2\/product\/14993","targetHints":{"allow":["GET"]}}],"collection":[{"href":"https:\/\/stampcurio.com\/hu\/wp-json\/wp\/v2\/product"}],"about":[{"href":"https:\/\/stampcurio.com\/hu\/wp-json\/wp\/v2\/types\/product"}],"wp:featuredmedia":[{"embeddable":true,"href":"https:\/\/stampcurio.com\/hu\/wp-json\/wp\/v2\/media\/16414"}],"wp:attachment":[{"href":"https:\/\/stampcurio.com\/hu\/wp-json\/wp\/v2\/media?parent=14993"}],"wp:term":[{"taxonomy":"product_brand","embeddable":true,"href":"https:\/\/stampcurio.com\/hu\/wp-json\/wp\/v2\/product_brand?post=14993"},{"taxonomy":"product_cat","embeddable":true,"href":"https:\/\/stampcurio.com\/hu\/wp-json\/wp\/v2\/product_cat?post=14993"},{"taxonomy":"product_tag","embeddable":true,"href":"https:\/\/stampcurio.com\/hu\/wp-json\/wp\/v2\/product_tag?post=14993"}],"curies":[{"name":"wp","href":"https:\/\/api.w.org\/{rel}","templated":true}]}}