{"id":14992,"date":"2024-11-29T18:28:28","date_gmt":"2024-11-29T17:28:28","guid":{"rendered":"https:\/\/stampcurio.com\/product\/1974-nepal-bugpost-tarifa-legiposta-nemetorszagba-kuldve\/"},"modified":"2025-12-05T04:09:06","modified_gmt":"2025-12-05T03:09:06","slug":"1974-nepal-legiposta-konyvtarifaval-nemetorszagba-kuldve","status":"publish","type":"product","link":"https:\/\/stampcurio.com\/hu\/termek\/1974-nepal-legiposta-konyvtarifaval-nemetorszagba-kuldve\/","title":{"rendered":"1974 Nep\u00e1l &#8211; L\u00e9giposta k\u00f6nyvtarif\u00e1val N\u00e9metorsz\u00e1gba k\u00fcldve"},"content":{"rendered":"","protected":false},"excerpt":{"rendered":"","protected":false},"featured_media":16069,"template":"","meta":[],"product_brand":[],"product_cat":[1175,1205],"product_tag":[1664,115,89,1006],"class_list":{"0":"post-14992","1":"product","2":"type-product","3":"status-publish","4":"has-post-thumbnail","6":"product_cat-nemetorszag","7":"product_cat-nepal","8":"product_tag-2nd-auction-hu","9":"product_tag-legiposta","10":"product_tag-postatortenet","11":"product_tag-unsold","13":"first","14":"instock","15":"sold-individually","16":"shipping-taxable","17":"product-type-simple"},"_links":{"self":[{"href":"https:\/\/stampcurio.com\/hu\/wp-json\/wp\/v2\/product\/14992","targetHints":{"allow":["GET"]}}],"collection":[{"href":"https:\/\/stampcurio.com\/hu\/wp-json\/wp\/v2\/product"}],"about":[{"href":"https:\/\/stampcurio.com\/hu\/wp-json\/wp\/v2\/types\/product"}],"wp:featuredmedia":[{"embeddable":true,"href":"https:\/\/stampcurio.com\/hu\/wp-json\/wp\/v2\/media\/16069"}],"wp:attachment":[{"href":"https:\/\/stampcurio.com\/hu\/wp-json\/wp\/v2\/media?parent=14992"}],"wp:term":[{"taxonomy":"product_brand","embeddable":true,"href":"https:\/\/stampcurio.com\/hu\/wp-json\/wp\/v2\/product_brand?post=14992"},{"taxonomy":"product_cat","embeddable":true,"href":"https:\/\/stampcurio.com\/hu\/wp-json\/wp\/v2\/product_cat?post=14992"},{"taxonomy":"product_tag","embeddable":true,"href":"https:\/\/stampcurio.com\/hu\/wp-json\/wp\/v2\/product_tag?post=14992"}],"curies":[{"name":"wp","href":"https:\/\/api.w.org\/{rel}","templated":true}]}}