{"id":14991,"date":"2024-11-29T18:28:27","date_gmt":"2024-11-29T17:28:27","guid":{"rendered":"https:\/\/stampcurio.com\/product\/ritkan-lathato-1936-tongara-kuldott-level-tincanmail-ritka-bejovo-hawairol-kuldott-ritkan-lathato-bejovo-kuldemeny-tongara-erkezo-kuldemeny\/"},"modified":"2025-12-05T04:09:07","modified_gmt":"2025-12-05T03:09:07","slug":"1936-hawaii-tongara-kuldott-tin-can-mail-konzervdobozposta-ritkan-lathato-bejovo-kuldemeny","status":"publish","type":"product","link":"https:\/\/stampcurio.com\/hu\/termek\/1936-hawaii-tongara-kuldott-tin-can-mail-konzervdobozposta-ritkan-lathato-bejovo-kuldemeny\/","title":{"rendered":"1936 Hawaii &#8211; Tong\u00e1ra k\u00fcld\u00f6tt Tin Can Mail &#8220;konzervdobozposta&#8221;, ritk\u00e1n l\u00e1that\u00f3 bej\u00f6v\u0151 k\u00fcldem\u00e9ny"},"content":{"rendered":"","protected":false},"excerpt":{"rendered":"","protected":false},"featured_media":16085,"template":"","meta":[],"product_brand":[],"product_cat":[1204,1203,1201],"product_tag":[1664,1041,89],"class_list":{"0":"post-14991","1":"product","2":"type-product","3":"status-publish","4":"has-post-thumbnail","6":"product_cat-amerikai-egyesult-allamok","7":"product_cat-hawaii","8":"product_cat-tonga","9":"product_tag-2nd-auction-hu","10":"product_tag-marcophily-hu","11":"product_tag-postatortenet","13":"first","14":"instock","15":"sold-individually","16":"shipping-taxable","17":"product-type-simple"},"_links":{"self":[{"href":"https:\/\/stampcurio.com\/hu\/wp-json\/wp\/v2\/product\/14991","targetHints":{"allow":["GET"]}}],"collection":[{"href":"https:\/\/stampcurio.com\/hu\/wp-json\/wp\/v2\/product"}],"about":[{"href":"https:\/\/stampcurio.com\/hu\/wp-json\/wp\/v2\/types\/product"}],"wp:featuredmedia":[{"embeddable":true,"href":"https:\/\/stampcurio.com\/hu\/wp-json\/wp\/v2\/media\/16085"}],"wp:attachment":[{"href":"https:\/\/stampcurio.com\/hu\/wp-json\/wp\/v2\/media?parent=14991"}],"wp:term":[{"taxonomy":"product_brand","embeddable":true,"href":"https:\/\/stampcurio.com\/hu\/wp-json\/wp\/v2\/product_brand?post=14991"},{"taxonomy":"product_cat","embeddable":true,"href":"https:\/\/stampcurio.com\/hu\/wp-json\/wp\/v2\/product_cat?post=14991"},{"taxonomy":"product_tag","embeddable":true,"href":"https:\/\/stampcurio.com\/hu\/wp-json\/wp\/v2\/product_tag?post=14991"}],"curies":[{"name":"wp","href":"https:\/\/api.w.org\/{rel}","templated":true}]}}