{"id":14990,"date":"2024-11-29T18:28:27","date_gmt":"2024-11-29T17:28:27","guid":{"rendered":"https:\/\/stampcurio.com\/product\/1938-tincan-mail-toga-jamaicaba-kuldve\/"},"modified":"2025-12-05T04:09:07","modified_gmt":"2025-12-05T03:09:07","slug":"1938-tonga-tin-can-mail-konzervdobozposta-jamaicaba-kuldve-a-level-az-utat-5-honap-alatt-tette-meg-felul-kisebb-hibak","status":"publish","type":"product","link":"https:\/\/stampcurio.com\/hu\/termek\/1938-tonga-tin-can-mail-konzervdobozposta-jamaicaba-kuldve-a-level-az-utat-5-honap-alatt-tette-meg-felul-kisebb-hibak\/","title":{"rendered":"1938 Tonga &#8211; Tin Can Mail &#8220;konzervdobozposta&#8221; Jamaic\u00e1ba k\u00fcldve. A lev\u00e9l az utat 5 h\u00f3nap alatt tette meg &#8211; fel\u00fcl kisebb hib\u00e1k"},"content":{"rendered":"","protected":false},"excerpt":{"rendered":"","protected":false},"featured_media":16097,"template":"","meta":[],"product_brand":[],"product_cat":[1202,1201],"product_tag":[1664,116,1041,89],"class_list":{"0":"post-14990","1":"product","2":"type-product","3":"status-publish","4":"has-post-thumbnail","6":"product_cat-jamaica","7":"product_cat-tonga","8":"product_tag-2nd-auction-hu","9":"product_tag-belyeg","10":"product_tag-marcophily-hu","11":"product_tag-postatortenet","13":"first","14":"instock","15":"sold-individually","16":"shipping-taxable","17":"product-type-simple"},"_links":{"self":[{"href":"https:\/\/stampcurio.com\/hu\/wp-json\/wp\/v2\/product\/14990","targetHints":{"allow":["GET"]}}],"collection":[{"href":"https:\/\/stampcurio.com\/hu\/wp-json\/wp\/v2\/product"}],"about":[{"href":"https:\/\/stampcurio.com\/hu\/wp-json\/wp\/v2\/types\/product"}],"wp:featuredmedia":[{"embeddable":true,"href":"https:\/\/stampcurio.com\/hu\/wp-json\/wp\/v2\/media\/16097"}],"wp:attachment":[{"href":"https:\/\/stampcurio.com\/hu\/wp-json\/wp\/v2\/media?parent=14990"}],"wp:term":[{"taxonomy":"product_brand","embeddable":true,"href":"https:\/\/stampcurio.com\/hu\/wp-json\/wp\/v2\/product_brand?post=14990"},{"taxonomy":"product_cat","embeddable":true,"href":"https:\/\/stampcurio.com\/hu\/wp-json\/wp\/v2\/product_cat?post=14990"},{"taxonomy":"product_tag","embeddable":true,"href":"https:\/\/stampcurio.com\/hu\/wp-json\/wp\/v2\/product_tag?post=14990"}],"curies":[{"name":"wp","href":"https:\/\/api.w.org\/{rel}","templated":true}]}}