{"id":14989,"date":"2024-11-29T18:28:27","date_gmt":"2024-11-29T17:28:27","guid":{"rendered":"https:\/\/stampcurio.com\/product\/1946-tl2-10f-felulnyomott-belyeg-tevnyomat-hianyos-kettesek-alapszin-kettosnyomata-ritkan-lathato-kek-alapnyomas-kettosnyomata\/"},"modified":"2025-12-05T04:09:07","modified_gmt":"2025-12-05T03:09:07","slug":"1946-magyarorszag-tl-2-10f-tevnyomat-kek-alapnyomas-kettosnyomataval-ket-belyegen-hianyos-2-es-szam","status":"publish","type":"product","link":"https:\/\/stampcurio.com\/hu\/termek\/1946-magyarorszag-tl-2-10f-tevnyomat-kek-alapnyomas-kettosnyomataval-ket-belyegen-hianyos-2-es-szam\/","title":{"rendered":"1946 Magyarorsz\u00e1g &#8211; Tl.2. \/ 10f t\u00e9vnyomat &#8211; k\u00e9k alapnyom\u00e1s kett\u0151snyomat\u00e1val + k\u00e9t b\u00e9lyegen hi\u00e1nyos 2-es sz\u00e1m"},"content":{"rendered":"","protected":false},"excerpt":{"rendered":"","protected":false},"featured_media":16103,"template":"","meta":[],"product_brand":[],"product_cat":[1172],"product_tag":[1664,116,217,1006],"class_list":{"0":"post-14989","1":"product","2":"type-product","3":"status-publish","4":"has-post-thumbnail","6":"product_cat-magyarorszag","7":"product_tag-2nd-auction-hu","8":"product_tag-belyeg","9":"product_tag-tevnyomat","10":"product_tag-unsold","12":"first","13":"instock","14":"sold-individually","15":"shipping-taxable","16":"product-type-simple"},"_links":{"self":[{"href":"https:\/\/stampcurio.com\/hu\/wp-json\/wp\/v2\/product\/14989","targetHints":{"allow":["GET"]}}],"collection":[{"href":"https:\/\/stampcurio.com\/hu\/wp-json\/wp\/v2\/product"}],"about":[{"href":"https:\/\/stampcurio.com\/hu\/wp-json\/wp\/v2\/types\/product"}],"wp:featuredmedia":[{"embeddable":true,"href":"https:\/\/stampcurio.com\/hu\/wp-json\/wp\/v2\/media\/16103"}],"wp:attachment":[{"href":"https:\/\/stampcurio.com\/hu\/wp-json\/wp\/v2\/media?parent=14989"}],"wp:term":[{"taxonomy":"product_brand","embeddable":true,"href":"https:\/\/stampcurio.com\/hu\/wp-json\/wp\/v2\/product_brand?post=14989"},{"taxonomy":"product_cat","embeddable":true,"href":"https:\/\/stampcurio.com\/hu\/wp-json\/wp\/v2\/product_cat?post=14989"},{"taxonomy":"product_tag","embeddable":true,"href":"https:\/\/stampcurio.com\/hu\/wp-json\/wp\/v2\/product_tag?post=14989"}],"curies":[{"name":"wp","href":"https:\/\/api.w.org\/{rel}","templated":true}]}}