{"id":14988,"date":"2024-11-29T18:28:27","date_gmt":"2024-11-29T17:28:27","guid":{"rendered":"https:\/\/stampcurio.com\/product\/1966-elso-nemet-eszaki-sark-expedicio-gronland-dania-nemetorszag-kepeslap\/"},"modified":"2025-12-05T04:09:06","modified_gmt":"2025-12-05T03:09:06","slug":"1966-eszaki-sark-elso-nemet-eszaki-sark-expedicio-kepeslap-nemetorszagba-kuldve-az-expedicio-resztvevoinek-alairasaval","status":"publish","type":"product","link":"https:\/\/stampcurio.com\/hu\/termek\/1966-eszaki-sark-elso-nemet-eszaki-sark-expedicio-kepeslap-nemetorszagba-kuldve-az-expedicio-resztvevoinek-alairasaval\/","title":{"rendered":"1966 \u00c9szaki-sark &#8211; els\u0151 n\u00e9met \u00c9szaki-sark exped\u00edci\u00f3 k\u00e9peslap N\u00e9metorsz\u00e1gba k\u00fcldve az exped\u00edci\u00f3 r\u00e9sztvev\u0151inek al\u00e1\u00edr\u00e1s\u00e1val (!)"},"content":{"rendered":"","protected":false},"excerpt":{"rendered":"","protected":false},"featured_media":16299,"template":"","meta":[],"product_brand":[],"product_cat":[1200,1396,1173,1175],"product_tag":[1664,116,1241,97,1041,89],"class_list":{"0":"post-14988","1":"product","2":"type-product","3":"status-publish","4":"has-post-thumbnail","6":"product_cat-dania","7":"product_cat-eszaki-sark","8":"product_cat-gronland","9":"product_cat-nemetorszag","10":"product_tag-2nd-auction-hu","11":"product_tag-belyeg","12":"product_tag-eszaki-sark","13":"product_tag-kepeslap","14":"product_tag-marcophily-hu","15":"product_tag-postatortenet","17":"first","18":"instock","19":"sold-individually","20":"shipping-taxable","21":"product-type-simple"},"_links":{"self":[{"href":"https:\/\/stampcurio.com\/hu\/wp-json\/wp\/v2\/product\/14988","targetHints":{"allow":["GET"]}}],"collection":[{"href":"https:\/\/stampcurio.com\/hu\/wp-json\/wp\/v2\/product"}],"about":[{"href":"https:\/\/stampcurio.com\/hu\/wp-json\/wp\/v2\/types\/product"}],"wp:featuredmedia":[{"embeddable":true,"href":"https:\/\/stampcurio.com\/hu\/wp-json\/wp\/v2\/media\/16299"}],"wp:attachment":[{"href":"https:\/\/stampcurio.com\/hu\/wp-json\/wp\/v2\/media?parent=14988"}],"wp:term":[{"taxonomy":"product_brand","embeddable":true,"href":"https:\/\/stampcurio.com\/hu\/wp-json\/wp\/v2\/product_brand?post=14988"},{"taxonomy":"product_cat","embeddable":true,"href":"https:\/\/stampcurio.com\/hu\/wp-json\/wp\/v2\/product_cat?post=14988"},{"taxonomy":"product_tag","embeddable":true,"href":"https:\/\/stampcurio.com\/hu\/wp-json\/wp\/v2\/product_tag?post=14988"}],"curies":[{"name":"wp","href":"https:\/\/api.w.org\/{rel}","templated":true}]}}