{"id":14987,"date":"2024-11-29T18:28:26","date_gmt":"2024-11-29T17:28:26","guid":{"rendered":"https:\/\/stampcurio.com\/product\/1913-fiume-hr-hu-it-torokorszagba-kulott-expressz-ajanlott-kepeslap-ritka\/"},"modified":"2025-12-05T04:09:09","modified_gmt":"2025-12-05T03:09:09","slug":"1913-magyarorszag-fiumebol-torokorszagba-kuldott-expressz-ajanlott-kepeslap-rendkivul-ritka-kuldemenyfajta","status":"publish","type":"product","link":"https:\/\/stampcurio.com\/hu\/termek\/1913-magyarorszag-fiumebol-torokorszagba-kuldott-expressz-ajanlott-kepeslap-rendkivul-ritka-kuldemenyfajta\/","title":{"rendered":"1913 Magyarorsz\u00e1g &#8211; Fium\u00e9b\u0151l T\u00f6r\u00f6korsz\u00e1gba k\u00fcld\u00f6tt expressz aj\u00e1nlott k\u00e9peslap, rendk\u00edv\u00fcl ritka k\u00fcldem\u00e9nyfajta"},"content":{"rendered":"","protected":false},"excerpt":{"rendered":"","protected":false},"featured_media":16091,"template":"","meta":[],"product_brand":[],"product_cat":[1275,1192,1172,1183,1188],"product_tag":[1664,97,176,89],"class_list":{"0":"post-14987","1":"product","2":"type-product","3":"status-publish","4":"has-post-thumbnail","6":"product_cat-fiume","7":"product_cat-horvatorszag","8":"product_cat-magyarorszag","9":"product_cat-olaszorszag","10":"product_cat-torokorszag","11":"product_tag-2nd-auction-hu","12":"product_tag-kepeslap","13":"product_tag-philagem","14":"product_tag-postatortenet","16":"first","17":"instock","18":"sold-individually","19":"shipping-taxable","20":"product-type-simple"},"_links":{"self":[{"href":"https:\/\/stampcurio.com\/hu\/wp-json\/wp\/v2\/product\/14987","targetHints":{"allow":["GET"]}}],"collection":[{"href":"https:\/\/stampcurio.com\/hu\/wp-json\/wp\/v2\/product"}],"about":[{"href":"https:\/\/stampcurio.com\/hu\/wp-json\/wp\/v2\/types\/product"}],"wp:featuredmedia":[{"embeddable":true,"href":"https:\/\/stampcurio.com\/hu\/wp-json\/wp\/v2\/media\/16091"}],"wp:attachment":[{"href":"https:\/\/stampcurio.com\/hu\/wp-json\/wp\/v2\/media?parent=14987"}],"wp:term":[{"taxonomy":"product_brand","embeddable":true,"href":"https:\/\/stampcurio.com\/hu\/wp-json\/wp\/v2\/product_brand?post=14987"},{"taxonomy":"product_cat","embeddable":true,"href":"https:\/\/stampcurio.com\/hu\/wp-json\/wp\/v2\/product_cat?post=14987"},{"taxonomy":"product_tag","embeddable":true,"href":"https:\/\/stampcurio.com\/hu\/wp-json\/wp\/v2\/product_tag?post=14987"}],"curies":[{"name":"wp","href":"https:\/\/api.w.org\/{rel}","templated":true}]}}