{"id":14986,"date":"2024-11-29T18:28:26","date_gmt":"2024-11-29T17:28:26","guid":{"rendered":"https:\/\/stampcurio.com\/product\/1953-metro-60f-postatiszta\/"},"modified":"2025-12-05T04:09:08","modified_gmt":"2025-12-05T03:09:08","slug":"1953-magyarorszag-metro-60-filler-postatiszta-par-latvanyos-nyomashibaval","status":"publish","type":"product","link":"https:\/\/stampcurio.com\/hu\/termek\/1953-magyarorszag-metro-60-filler-postatiszta-par-latvanyos-nyomashibaval\/","title":{"rendered":"1953 Magyarorsz\u00e1g &#8211; Metr\u00f3 60 fill\u00e9r postatiszta ** p\u00e1r l\u00e1tv\u00e1nyos nyom\u00e1shib\u00e1val"},"content":{"rendered":"","protected":false},"excerpt":{"rendered":"","protected":false},"featured_media":16490,"template":"","meta":[],"product_brand":[],"product_cat":[1172],"product_tag":[1664,116,217,1006],"class_list":{"0":"post-14986","1":"product","2":"type-product","3":"status-publish","4":"has-post-thumbnail","6":"product_cat-magyarorszag","7":"product_tag-2nd-auction-hu","8":"product_tag-belyeg","9":"product_tag-tevnyomat","10":"product_tag-unsold","12":"first","13":"instock","14":"sold-individually","15":"shipping-taxable","16":"product-type-simple"},"_links":{"self":[{"href":"https:\/\/stampcurio.com\/hu\/wp-json\/wp\/v2\/product\/14986","targetHints":{"allow":["GET"]}}],"collection":[{"href":"https:\/\/stampcurio.com\/hu\/wp-json\/wp\/v2\/product"}],"about":[{"href":"https:\/\/stampcurio.com\/hu\/wp-json\/wp\/v2\/types\/product"}],"wp:featuredmedia":[{"embeddable":true,"href":"https:\/\/stampcurio.com\/hu\/wp-json\/wp\/v2\/media\/16490"}],"wp:attachment":[{"href":"https:\/\/stampcurio.com\/hu\/wp-json\/wp\/v2\/media?parent=14986"}],"wp:term":[{"taxonomy":"product_brand","embeddable":true,"href":"https:\/\/stampcurio.com\/hu\/wp-json\/wp\/v2\/product_brand?post=14986"},{"taxonomy":"product_cat","embeddable":true,"href":"https:\/\/stampcurio.com\/hu\/wp-json\/wp\/v2\/product_cat?post=14986"},{"taxonomy":"product_tag","embeddable":true,"href":"https:\/\/stampcurio.com\/hu\/wp-json\/wp\/v2\/product_tag?post=14986"}],"curies":[{"name":"wp","href":"https:\/\/api.w.org\/{rel}","templated":true}]}}