{"id":14985,"date":"2024-11-29T18:28:26","date_gmt":"2024-11-29T17:28:26","guid":{"rendered":"https:\/\/stampcurio.com\/product\/1929-royal-capes-franciaorszagbol-magyarorszagra-kuldott-csomag-szallitolevele-magas-56-frn-80-cent-2-cent-fiscal-belyeggel-hibas-bermentesitve\/"},"modified":"2025-12-05T04:09:08","modified_gmt":"2025-12-05T03:09:08","slug":"1929-franciaorszag-magyarorszagra-kuldott-csomag-szallitolevele-magas-56-frank-80-centtel-bermentesitve","status":"publish","type":"product","link":"https:\/\/stampcurio.com\/hu\/termek\/1929-franciaorszag-magyarorszagra-kuldott-csomag-szallitolevele-magas-56-frank-80-centtel-bermentesitve\/","title":{"rendered":"1929 Franciaorsz\u00e1g &#8211; Magyarorsz\u00e1gra k\u00fcld\u00f6tt csomag sz\u00e1ll\u00edt\u00f3levele, magas 56 frank 80 centtel b\u00e9rmentes\u00edtve"},"content":{"rendered":"","protected":false},"excerpt":{"rendered":"<p>A 10 frankos b\u00e9lyegek a kor szok\u00e1s\u00e1nak megfelel\u0151en alig l\u00e1that\u00f3an \u00e1tlyukasztva.<\/p>\n","protected":false},"featured_media":16361,"template":"","meta":[],"product_brand":[],"product_cat":[1181,1172],"product_tag":[1664,116,282,89,157,1006],"class_list":{"0":"post-14985","1":"product","2":"type-product","3":"status-publish","4":"has-post-thumbnail","6":"product_cat-franciaorszag","7":"product_cat-magyarorszag","8":"product_tag-2nd-auction-hu","9":"product_tag-belyeg","10":"product_tag-okmanybelyeg","11":"product_tag-postatortenet","12":"product_tag-szallitolevel","13":"product_tag-unsold","15":"first","16":"instock","17":"sold-individually","18":"shipping-taxable","19":"product-type-simple"},"_links":{"self":[{"href":"https:\/\/stampcurio.com\/hu\/wp-json\/wp\/v2\/product\/14985","targetHints":{"allow":["GET"]}}],"collection":[{"href":"https:\/\/stampcurio.com\/hu\/wp-json\/wp\/v2\/product"}],"about":[{"href":"https:\/\/stampcurio.com\/hu\/wp-json\/wp\/v2\/types\/product"}],"wp:featuredmedia":[{"embeddable":true,"href":"https:\/\/stampcurio.com\/hu\/wp-json\/wp\/v2\/media\/16361"}],"wp:attachment":[{"href":"https:\/\/stampcurio.com\/hu\/wp-json\/wp\/v2\/media?parent=14985"}],"wp:term":[{"taxonomy":"product_brand","embeddable":true,"href":"https:\/\/stampcurio.com\/hu\/wp-json\/wp\/v2\/product_brand?post=14985"},{"taxonomy":"product_cat","embeddable":true,"href":"https:\/\/stampcurio.com\/hu\/wp-json\/wp\/v2\/product_cat?post=14985"},{"taxonomy":"product_tag","embeddable":true,"href":"https:\/\/stampcurio.com\/hu\/wp-json\/wp\/v2\/product_tag?post=14985"}],"curies":[{"name":"wp","href":"https:\/\/api.w.org\/{rel}","templated":true}]}}