{"id":14984,"date":"2024-11-29T18:28:25","date_gmt":"2024-11-29T17:28:25","guid":{"rendered":"https:\/\/stampcurio.com\/product\/1911-pozsony-kepeslap-nyomtatvanykent-feladva-bazin-abeokutaba-delnyugat-nigeria\/"},"modified":"2025-12-05T04:09:10","modified_gmt":"2025-12-05T03:09:10","slug":"1911-magyarorszag-pozsony-kepeslap-nyomtatvanykent-feladva-bazin-abeokutaba-delnyugat-nigeria-ritka-destinacio","status":"publish","type":"product","link":"https:\/\/stampcurio.com\/hu\/termek\/1911-magyarorszag-pozsony-kepeslap-nyomtatvanykent-feladva-bazin-abeokutaba-delnyugat-nigeria-ritka-destinacio\/","title":{"rendered":"1911 Magyarorsz\u00e1g &#8211; Pozsony k\u00e9peslap nyomtatv\u00e1nyk\u00e9nt feladva Bazin Abeokut\u00e1ba (D\u00e9lnyugat-Nig\u00e9ria) &#8211; ritka destin\u00e1ci\u00f3"},"content":{"rendered":"","protected":false},"excerpt":{"rendered":"<p>A 14 \u00e9vig l\u00e9tez\u0151 Southern Nigeria orsz\u00e1gba (Afrika) k\u00fcldve.<\/p>\n","protected":false},"featured_media":16303,"template":"","meta":[],"product_brand":[],"product_cat":[1186,1172,1199,1189],"product_tag":[1664,97,89],"class_list":{"0":"post-14984","1":"product","2":"type-product","3":"status-publish","4":"has-post-thumbnail","6":"product_cat-brit-birodalom","7":"product_cat-magyarorszag","8":"product_cat-nigeria","9":"product_cat-szlovakia","10":"product_tag-2nd-auction-hu","11":"product_tag-kepeslap","12":"product_tag-postatortenet","14":"first","15":"outofstock","16":"sold-individually","17":"shipping-taxable","18":"product-type-simple"},"_links":{"self":[{"href":"https:\/\/stampcurio.com\/hu\/wp-json\/wp\/v2\/product\/14984","targetHints":{"allow":["GET"]}}],"collection":[{"href":"https:\/\/stampcurio.com\/hu\/wp-json\/wp\/v2\/product"}],"about":[{"href":"https:\/\/stampcurio.com\/hu\/wp-json\/wp\/v2\/types\/product"}],"wp:featuredmedia":[{"embeddable":true,"href":"https:\/\/stampcurio.com\/hu\/wp-json\/wp\/v2\/media\/16303"}],"wp:attachment":[{"href":"https:\/\/stampcurio.com\/hu\/wp-json\/wp\/v2\/media?parent=14984"}],"wp:term":[{"taxonomy":"product_brand","embeddable":true,"href":"https:\/\/stampcurio.com\/hu\/wp-json\/wp\/v2\/product_brand?post=14984"},{"taxonomy":"product_cat","embeddable":true,"href":"https:\/\/stampcurio.com\/hu\/wp-json\/wp\/v2\/product_cat?post=14984"},{"taxonomy":"product_tag","embeddable":true,"href":"https:\/\/stampcurio.com\/hu\/wp-json\/wp\/v2\/product_tag?post=14984"}],"curies":[{"name":"wp","href":"https:\/\/api.w.org\/{rel}","templated":true}]}}