{"id":14982,"date":"2024-11-29T18:28:25","date_gmt":"2024-11-29T17:28:25","guid":{"rendered":"https:\/\/stampcurio.com\/product\/1920-felso-szilezia-ajanlott-boritek-50-pf-felulnyomott-belyeggel-pruf-es-azonositas-mikulsky\/"},"modified":"2025-12-05T04:09:10","modified_gmt":"2025-12-05T03:09:10","slug":"1920-felso-szilezia-ajanlott-boritek-a1-tipusu-50-pf-felulnyomott-belyeggel-pruf-mikulsky","status":"publish","type":"product","link":"https:\/\/stampcurio.com\/hu\/termek\/1920-felso-szilezia-ajanlott-boritek-a1-tipusu-50-pf-felulnyomott-belyeggel-pruf-mikulsky\/","title":{"rendered":"1920 Fels\u0151-Szil\u00e9zia &#8211; aj\u00e1nlott bor\u00edt\u00e9k A1 t\u00edpus\u00fa 50 pf fel\u00fclnyomott b\u00e9lyeggel | pr\u00fcf: Mikulsky"},"content":{"rendered":"","protected":false},"excerpt":{"rendered":"","protected":false},"featured_media":19746,"template":"","meta":[],"product_brand":[],"product_cat":[1238,1190,1175],"product_tag":[1664,116,89],"class_list":{"0":"post-14982","1":"product","2":"type-product","3":"status-publish","4":"has-post-thumbnail","6":"product_cat-csehorszag","7":"product_cat-lengyelorszag","8":"product_cat-nemetorszag","9":"product_tag-2nd-auction-hu","10":"product_tag-belyeg","11":"product_tag-postatortenet","13":"first","14":"outofstock","15":"sold-individually","16":"shipping-taxable","17":"product-type-simple"},"_links":{"self":[{"href":"https:\/\/stampcurio.com\/hu\/wp-json\/wp\/v2\/product\/14982","targetHints":{"allow":["GET"]}}],"collection":[{"href":"https:\/\/stampcurio.com\/hu\/wp-json\/wp\/v2\/product"}],"about":[{"href":"https:\/\/stampcurio.com\/hu\/wp-json\/wp\/v2\/types\/product"}],"wp:featuredmedia":[{"embeddable":true,"href":"https:\/\/stampcurio.com\/hu\/wp-json\/wp\/v2\/media\/19746"}],"wp:attachment":[{"href":"https:\/\/stampcurio.com\/hu\/wp-json\/wp\/v2\/media?parent=14982"}],"wp:term":[{"taxonomy":"product_brand","embeddable":true,"href":"https:\/\/stampcurio.com\/hu\/wp-json\/wp\/v2\/product_brand?post=14982"},{"taxonomy":"product_cat","embeddable":true,"href":"https:\/\/stampcurio.com\/hu\/wp-json\/wp\/v2\/product_cat?post=14982"},{"taxonomy":"product_tag","embeddable":true,"href":"https:\/\/stampcurio.com\/hu\/wp-json\/wp\/v2\/product_tag?post=14982"}],"curies":[{"name":"wp","href":"https:\/\/api.w.org\/{rel}","templated":true}]}}