{"id":14981,"date":"2024-11-29T18:28:24","date_gmt":"2024-11-29T17:28:24","guid":{"rendered":"https:\/\/stampcurio.com\/product\/1956-ajanlott-level-tartalommal-kamerunba-kuldve-afrika-occidental-javitott-ajanlasi-ragjeggyel\/"},"modified":"2025-12-05T04:09:11","modified_gmt":"2025-12-05T03:09:11","slug":"1956-magyarorszag-kamerunba-kuldott-ajanlott-level-tartalommal-javitott-ajanlasi-ragjeggyel-ritka-destinacio","status":"publish","type":"product","link":"https:\/\/stampcurio.com\/hu\/termek\/1956-magyarorszag-kamerunba-kuldott-ajanlott-level-tartalommal-javitott-ajanlasi-ragjeggyel-ritka-destinacio\/","title":{"rendered":"1956 Magyarorsz\u00e1g &#8211; Kamerunba k\u00fcld\u00f6tt aj\u00e1nlott lev\u00e9l tartalommal, jav\u00edtott aj\u00e1nl\u00e1si ragjeggyel &#8211; ritka destin\u00e1ci\u00f3"},"content":{"rendered":"","protected":false},"excerpt":{"rendered":"","protected":false},"featured_media":16233,"template":"","meta":[],"product_brand":[],"product_cat":[1194,1172],"product_tag":[1664,116,89,405],"class_list":{"0":"post-14981","1":"product","2":"type-product","3":"status-publish","4":"has-post-thumbnail","6":"product_cat-kamerun","7":"product_cat-magyarorszag","8":"product_tag-2nd-auction-hu","9":"product_tag-belyeg","10":"product_tag-postatortenet","11":"product_tag-ragjegy","13":"first","14":"outofstock","15":"sold-individually","16":"shipping-taxable","17":"product-type-simple"},"_links":{"self":[{"href":"https:\/\/stampcurio.com\/hu\/wp-json\/wp\/v2\/product\/14981","targetHints":{"allow":["GET"]}}],"collection":[{"href":"https:\/\/stampcurio.com\/hu\/wp-json\/wp\/v2\/product"}],"about":[{"href":"https:\/\/stampcurio.com\/hu\/wp-json\/wp\/v2\/types\/product"}],"wp:featuredmedia":[{"embeddable":true,"href":"https:\/\/stampcurio.com\/hu\/wp-json\/wp\/v2\/media\/16233"}],"wp:attachment":[{"href":"https:\/\/stampcurio.com\/hu\/wp-json\/wp\/v2\/media?parent=14981"}],"wp:term":[{"taxonomy":"product_brand","embeddable":true,"href":"https:\/\/stampcurio.com\/hu\/wp-json\/wp\/v2\/product_brand?post=14981"},{"taxonomy":"product_cat","embeddable":true,"href":"https:\/\/stampcurio.com\/hu\/wp-json\/wp\/v2\/product_cat?post=14981"},{"taxonomy":"product_tag","embeddable":true,"href":"https:\/\/stampcurio.com\/hu\/wp-json\/wp\/v2\/product_tag?post=14981"}],"curies":[{"name":"wp","href":"https:\/\/api.w.org\/{rel}","templated":true}]}}