{"id":14979,"date":"2024-11-29T18:28:20","date_gmt":"2024-11-29T17:28:20","guid":{"rendered":"https:\/\/stampcurio.com\/product\/1945-majus-14-dijjegyes-levlap-rendkivul-ritka-201-perckor-az-europai-haboru-veget-ert-belyegzovel\/"},"modified":"2025-12-05T04:09:11","modified_gmt":"2025-12-05T03:09:11","slug":"1945-magyarorszag-majus-14-dijjegyes-levelezesi-lap-rendkivul-ritka-201-perckor-az-europai-haboru-veget-ert-belyegzovel","status":"publish","type":"product","link":"https:\/\/stampcurio.com\/hu\/termek\/1945-magyarorszag-majus-14-dijjegyes-levelezesi-lap-rendkivul-ritka-201-perckor-az-europai-haboru-veget-ert-belyegzovel\/","title":{"rendered":"1945 Magyarorsz\u00e1g &#8211; m\u00e1jus 14. &#8211; d\u00edjjegyes levelez\u00e9si lap, rendk\u00edv\u00fcl ritka &#8220;2:01 perckor az eur\u00f3pai h\u00e1bor\u00fa v\u00e9get \u00e9rt&#8221; b\u00e9lyegz\u0151vel"},"content":{"rendered":"","protected":false},"excerpt":{"rendered":"","protected":false},"featured_media":16125,"template":"","meta":[],"product_brand":[],"product_cat":[1172],"product_tag":[279,1664,233,74,89,1006],"class_list":{"0":"post-14979","1":"product","2":"type-product","3":"status-publish","4":"has-post-thumbnail","6":"product_cat-magyarorszag","7":"product_tag-1944-45","8":"product_tag-2nd-auction-hu","9":"product_tag-cenzura","10":"product_tag-dijjegyes","11":"product_tag-postatortenet","12":"product_tag-unsold","14":"first","15":"outofstock","16":"sold-individually","17":"shipping-taxable","18":"product-type-simple"},"_links":{"self":[{"href":"https:\/\/stampcurio.com\/hu\/wp-json\/wp\/v2\/product\/14979","targetHints":{"allow":["GET"]}}],"collection":[{"href":"https:\/\/stampcurio.com\/hu\/wp-json\/wp\/v2\/product"}],"about":[{"href":"https:\/\/stampcurio.com\/hu\/wp-json\/wp\/v2\/types\/product"}],"wp:featuredmedia":[{"embeddable":true,"href":"https:\/\/stampcurio.com\/hu\/wp-json\/wp\/v2\/media\/16125"}],"wp:attachment":[{"href":"https:\/\/stampcurio.com\/hu\/wp-json\/wp\/v2\/media?parent=14979"}],"wp:term":[{"taxonomy":"product_brand","embeddable":true,"href":"https:\/\/stampcurio.com\/hu\/wp-json\/wp\/v2\/product_brand?post=14979"},{"taxonomy":"product_cat","embeddable":true,"href":"https:\/\/stampcurio.com\/hu\/wp-json\/wp\/v2\/product_cat?post=14979"},{"taxonomy":"product_tag","embeddable":true,"href":"https:\/\/stampcurio.com\/hu\/wp-json\/wp\/v2\/product_tag?post=14979"}],"curies":[{"name":"wp","href":"https:\/\/api.w.org\/{rel}","templated":true}]}}