{"id":14977,"date":"2024-11-29T18:28:19","date_gmt":"2024-11-29T17:28:19","guid":{"rendered":"https:\/\/stampcurio.com\/product\/1921-etme-levelzaro-sor-belyegkiallitas-alkalmi-belyegzovel\/"},"modified":"2025-12-05T04:09:12","modified_gmt":"2025-12-05T03:09:12","slug":"1871-1921-magyarorszag-etme-levelzaro-sor-belyegkiallitas-alkalmi-belyegzovel","status":"publish","type":"product","link":"https:\/\/stampcurio.com\/hu\/termek\/1871-1921-magyarorszag-etme-levelzaro-sor-belyegkiallitas-alkalmi-belyegzovel\/","title":{"rendered":"1871 \/ 1921 Magyarorsz\u00e1g &#8211; ETME lev\u00e9lz\u00e1r\u00f3 sor b\u00e9lyegki\u00e1ll\u00edt\u00e1s alkalmi b\u00e9lyegz\u0151vel"},"content":{"rendered":"","protected":false},"excerpt":{"rendered":"","protected":false},"featured_media":16502,"template":"","meta":[],"product_brand":[],"product_cat":[1172],"product_tag":[1664,194,1041,288],"class_list":{"0":"post-14977","1":"product","2":"type-product","3":"status-publish","4":"has-post-thumbnail","6":"product_cat-magyarorszag","7":"product_tag-2nd-auction-hu","8":"product_tag-levelzaro","9":"product_tag-marcophily-hu","10":"product_tag-parafilatelia","12":"first","13":"outofstock","14":"sold-individually","15":"shipping-taxable","16":"product-type-simple"},"_links":{"self":[{"href":"https:\/\/stampcurio.com\/hu\/wp-json\/wp\/v2\/product\/14977","targetHints":{"allow":["GET"]}}],"collection":[{"href":"https:\/\/stampcurio.com\/hu\/wp-json\/wp\/v2\/product"}],"about":[{"href":"https:\/\/stampcurio.com\/hu\/wp-json\/wp\/v2\/types\/product"}],"wp:featuredmedia":[{"embeddable":true,"href":"https:\/\/stampcurio.com\/hu\/wp-json\/wp\/v2\/media\/16502"}],"wp:attachment":[{"href":"https:\/\/stampcurio.com\/hu\/wp-json\/wp\/v2\/media?parent=14977"}],"wp:term":[{"taxonomy":"product_brand","embeddable":true,"href":"https:\/\/stampcurio.com\/hu\/wp-json\/wp\/v2\/product_brand?post=14977"},{"taxonomy":"product_cat","embeddable":true,"href":"https:\/\/stampcurio.com\/hu\/wp-json\/wp\/v2\/product_cat?post=14977"},{"taxonomy":"product_tag","embeddable":true,"href":"https:\/\/stampcurio.com\/hu\/wp-json\/wp\/v2\/product_tag?post=14977"}],"curies":[{"name":"wp","href":"https:\/\/api.w.org\/{rel}","templated":true}]}}