{"id":14976,"date":"2024-11-29T18:28:19","date_gmt":"2024-11-29T17:28:19","guid":{"rendered":"https:\/\/stampcurio.com\/product\/1919-poprad-csomagszallito-a-megszallt-satoraljaujhelyre-kuldve-5-korona-40-bermentesitessel-satoraljaujhelyen-szlovak-hellerrel\/"},"modified":"2025-12-05T04:09:12","modified_gmt":"2025-12-05T03:09:12","slug":"1919-csehszlovakia-poprad-szallitolevel-a-megszallt-satoraljaujhelyre-kuldve-satoraljaujhely-36-napos-megszallasanak-19-napjan-satoraljaujhelyen-csehszlovak-hellerrel-portozva","status":"publish","type":"product","link":"https:\/\/stampcurio.com\/hu\/termek\/1919-csehszlovakia-poprad-szallitolevel-a-megszallt-satoraljaujhelyre-kuldve-satoraljaujhely-36-napos-megszallasanak-19-napjan-satoraljaujhelyen-csehszlovak-hellerrel-portozva\/","title":{"rendered":"1919 Csehszlov\u00e1kia &#8211; Popr\u00e1d sz\u00e1ll\u00edt\u00f3lev\u00e9l a megsz\u00e1llt S\u00e1toralja\u00fajhelyre k\u00fcldve, S\u00e1toralja\u00fajhely 36 napos megsz\u00e1ll\u00e1s\u00e1nak 19. napj\u00e1n. S\u00e1toralja\u00fajhelyen csehszlov\u00e1k hellerrel port\u00f3zva"},"content":{"rendered":"","protected":false},"excerpt":{"rendered":"","protected":false},"featured_media":16181,"template":"","meta":[],"product_brand":[],"product_cat":[1172,1189],"product_tag":[1664,176,108,89,157,1006],"class_list":{"0":"post-14976","1":"product","2":"type-product","3":"status-publish","4":"has-post-thumbnail","6":"product_cat-magyarorszag","7":"product_cat-szlovakia","8":"product_tag-2nd-auction-hu","9":"product_tag-philagem","10":"product_tag-porto","11":"product_tag-postatortenet","12":"product_tag-szallitolevel","13":"product_tag-unsold","15":"first","16":"outofstock","17":"sold-individually","18":"shipping-taxable","19":"product-type-simple"},"_links":{"self":[{"href":"https:\/\/stampcurio.com\/hu\/wp-json\/wp\/v2\/product\/14976","targetHints":{"allow":["GET"]}}],"collection":[{"href":"https:\/\/stampcurio.com\/hu\/wp-json\/wp\/v2\/product"}],"about":[{"href":"https:\/\/stampcurio.com\/hu\/wp-json\/wp\/v2\/types\/product"}],"wp:featuredmedia":[{"embeddable":true,"href":"https:\/\/stampcurio.com\/hu\/wp-json\/wp\/v2\/media\/16181"}],"wp:attachment":[{"href":"https:\/\/stampcurio.com\/hu\/wp-json\/wp\/v2\/media?parent=14976"}],"wp:term":[{"taxonomy":"product_brand","embeddable":true,"href":"https:\/\/stampcurio.com\/hu\/wp-json\/wp\/v2\/product_brand?post=14976"},{"taxonomy":"product_cat","embeddable":true,"href":"https:\/\/stampcurio.com\/hu\/wp-json\/wp\/v2\/product_cat?post=14976"},{"taxonomy":"product_tag","embeddable":true,"href":"https:\/\/stampcurio.com\/hu\/wp-json\/wp\/v2\/product_tag?post=14976"}],"curies":[{"name":"wp","href":"https:\/\/api.w.org\/{rel}","templated":true}]}}