{"id":14975,"date":"2024-11-29T18:28:19","date_gmt":"2024-11-29T17:28:19","guid":{"rendered":"https:\/\/stampcurio.com\/product\/1917-sigeteg-postaugynokseg-belyegzo-kek-szinu-fekete-szinben-rr-kekben-ismeretlen\/"},"modified":"2025-12-05T04:09:11","modified_gmt":"2025-12-05T03:09:11","slug":"1917-magyarorszag-kek-szinu-sigeteg-postaugynokseg-belyegzes-kepeslapon-fekete-szinben-a-belyegzes-rr-pu-kekben-ismeretlen","status":"publish","type":"product","link":"https:\/\/stampcurio.com\/hu\/termek\/1917-magyarorszag-kek-szinu-sigeteg-postaugynokseg-belyegzes-kepeslapon-fekete-szinben-a-belyegzes-rr-pu-kekben-ismeretlen\/","title":{"rendered":"1917 Magyarorsz\u00e1g &#8211; k\u00e9k sz\u00edn\u0171 SIGETEG posta\u00fcgyn\u00f6ks\u00e9g b\u00e9lyegz\u00e9s k\u00e9peslapon &#8211; fekete sz\u00ednben a b\u00e9lyegz\u00e9s: RR (P\u00dc), k\u00e9kben ismeretlen"},"content":{"rendered":"","protected":false},"excerpt":{"rendered":"","protected":false},"featured_media":16131,"template":"","meta":[],"product_brand":[],"product_cat":[1192,1172],"product_tag":[1664,97,1041,89,1006],"class_list":{"0":"post-14975","1":"product","2":"type-product","3":"status-publish","4":"has-post-thumbnail","6":"product_cat-horvatorszag","7":"product_cat-magyarorszag","8":"product_tag-2nd-auction-hu","9":"product_tag-kepeslap","10":"product_tag-marcophily-hu","11":"product_tag-postatortenet","12":"product_tag-unsold","14":"first","15":"outofstock","16":"sold-individually","17":"shipping-taxable","18":"product-type-simple"},"_links":{"self":[{"href":"https:\/\/stampcurio.com\/hu\/wp-json\/wp\/v2\/product\/14975","targetHints":{"allow":["GET"]}}],"collection":[{"href":"https:\/\/stampcurio.com\/hu\/wp-json\/wp\/v2\/product"}],"about":[{"href":"https:\/\/stampcurio.com\/hu\/wp-json\/wp\/v2\/types\/product"}],"wp:featuredmedia":[{"embeddable":true,"href":"https:\/\/stampcurio.com\/hu\/wp-json\/wp\/v2\/media\/16131"}],"wp:attachment":[{"href":"https:\/\/stampcurio.com\/hu\/wp-json\/wp\/v2\/media?parent=14975"}],"wp:term":[{"taxonomy":"product_brand","embeddable":true,"href":"https:\/\/stampcurio.com\/hu\/wp-json\/wp\/v2\/product_brand?post=14975"},{"taxonomy":"product_cat","embeddable":true,"href":"https:\/\/stampcurio.com\/hu\/wp-json\/wp\/v2\/product_cat?post=14975"},{"taxonomy":"product_tag","embeddable":true,"href":"https:\/\/stampcurio.com\/hu\/wp-json\/wp\/v2\/product_tag?post=14975"}],"curies":[{"name":"wp","href":"https:\/\/api.w.org\/{rel}","templated":true}]}}