{"id":14973,"date":"2024-11-29T18:28:18","date_gmt":"2024-11-29T17:28:18","guid":{"rendered":"https:\/\/stampcurio.com\/product\/1948-lanchid-ii-blokk-belyegnapi-alkalmi-belyegzessel-enyvezett\/"},"modified":"2025-12-05T04:09:13","modified_gmt":"2025-12-05T03:09:13","slug":"1948-magyarorszag-lanchid-ii-enyvezett-blokk-belyegnapi-alkalmi-belyegzessel-szep-minoseg-michel-110-eur","status":"publish","type":"product","link":"https:\/\/stampcurio.com\/hu\/termek\/1948-magyarorszag-lanchid-ii-enyvezett-blokk-belyegnapi-alkalmi-belyegzessel-szep-minoseg-michel-110-eur\/","title":{"rendered":"1948 Magyarorsz\u00e1g &#8211; L\u00e1nch\u00edd II. enyvezett * blokk b\u00e9lyegnapi alkalmi b\u00e9lyegz\u00e9ssel, sz\u00e9p min\u0151s\u00e9g | Michel: 110 EUR"},"content":{"rendered":"","protected":false},"excerpt":{"rendered":"","protected":false},"featured_media":16165,"template":"","meta":[],"product_brand":[],"product_cat":[1172],"product_tag":[1664,116,1041],"class_list":{"0":"post-14973","1":"product","2":"type-product","3":"status-publish","4":"has-post-thumbnail","6":"product_cat-magyarorszag","7":"product_tag-2nd-auction-hu","8":"product_tag-belyeg","9":"product_tag-marcophily-hu","11":"first","12":"outofstock","13":"sold-individually","14":"shipping-taxable","15":"product-type-simple"},"_links":{"self":[{"href":"https:\/\/stampcurio.com\/hu\/wp-json\/wp\/v2\/product\/14973","targetHints":{"allow":["GET"]}}],"collection":[{"href":"https:\/\/stampcurio.com\/hu\/wp-json\/wp\/v2\/product"}],"about":[{"href":"https:\/\/stampcurio.com\/hu\/wp-json\/wp\/v2\/types\/product"}],"wp:featuredmedia":[{"embeddable":true,"href":"https:\/\/stampcurio.com\/hu\/wp-json\/wp\/v2\/media\/16165"}],"wp:attachment":[{"href":"https:\/\/stampcurio.com\/hu\/wp-json\/wp\/v2\/media?parent=14973"}],"wp:term":[{"taxonomy":"product_brand","embeddable":true,"href":"https:\/\/stampcurio.com\/hu\/wp-json\/wp\/v2\/product_brand?post=14973"},{"taxonomy":"product_cat","embeddable":true,"href":"https:\/\/stampcurio.com\/hu\/wp-json\/wp\/v2\/product_cat?post=14973"},{"taxonomy":"product_tag","embeddable":true,"href":"https:\/\/stampcurio.com\/hu\/wp-json\/wp\/v2\/product_tag?post=14973"}],"curies":[{"name":"wp","href":"https:\/\/api.w.org\/{rel}","templated":true}]}}