{"id":14971,"date":"2024-11-29T18:28:18","date_gmt":"2024-11-29T17:28:18","guid":{"rendered":"https:\/\/stampcurio.com\/product\/1927-dijjegyes-levelezesi-lap-baselbe-a-xv-cionista-kongresszusra-a-ritkan-lathato-cionista-kongresszus-belyegzoje-portobelyegen-varpalota-feladas\/"},"modified":"2025-12-05T04:09:12","modified_gmt":"2025-12-05T03:09:12","slug":"1927-magyarorszag-varpalotan-feladott-dijjegyes-levelezesi-lap-baselbe-a-xv-cionista-kongresszusra-a-ritkan-lathato-cionista-kongresszus-belyegzovel-a-portobelyegen","status":"publish","type":"product","link":"https:\/\/stampcurio.com\/hu\/termek\/1927-magyarorszag-varpalotan-feladott-dijjegyes-levelezesi-lap-baselbe-a-xv-cionista-kongresszusra-a-ritkan-lathato-cionista-kongresszus-belyegzovel-a-portobelyegen\/","title":{"rendered":"1927 Magyarorsz\u00e1g &#8211; V\u00e1rpalot\u00e1n feladott d\u00edjjegyes levelez\u00e9si lap Baselbe, a XV. Cionista Kongresszusra, a ritk\u00e1n l\u00e1that\u00f3 &#8220;Cionista Kongresszus&#8221; b\u00e9lyegz\u0151vel a port\u00f3b\u00e9lyegen"},"content":{"rendered":"","protected":false},"excerpt":{"rendered":"","protected":false},"featured_media":15848,"template":"","meta":[],"product_brand":[],"product_cat":[1172,1191],"product_tag":[1664,74,1280,1041,108,89],"class_list":{"0":"post-14971","1":"product","2":"type-product","3":"status-publish","4":"has-post-thumbnail","6":"product_cat-magyarorszag","7":"product_cat-svajc","8":"product_tag-2nd-auction-hu","9":"product_tag-dijjegyes","10":"product_tag-judaica","11":"product_tag-marcophily-hu","12":"product_tag-porto","13":"product_tag-postatortenet","15":"first","16":"outofstock","17":"sold-individually","18":"shipping-taxable","19":"product-type-simple"},"_links":{"self":[{"href":"https:\/\/stampcurio.com\/hu\/wp-json\/wp\/v2\/product\/14971","targetHints":{"allow":["GET"]}}],"collection":[{"href":"https:\/\/stampcurio.com\/hu\/wp-json\/wp\/v2\/product"}],"about":[{"href":"https:\/\/stampcurio.com\/hu\/wp-json\/wp\/v2\/types\/product"}],"wp:featuredmedia":[{"embeddable":true,"href":"https:\/\/stampcurio.com\/hu\/wp-json\/wp\/v2\/media\/15848"}],"wp:attachment":[{"href":"https:\/\/stampcurio.com\/hu\/wp-json\/wp\/v2\/media?parent=14971"}],"wp:term":[{"taxonomy":"product_brand","embeddable":true,"href":"https:\/\/stampcurio.com\/hu\/wp-json\/wp\/v2\/product_brand?post=14971"},{"taxonomy":"product_cat","embeddable":true,"href":"https:\/\/stampcurio.com\/hu\/wp-json\/wp\/v2\/product_cat?post=14971"},{"taxonomy":"product_tag","embeddable":true,"href":"https:\/\/stampcurio.com\/hu\/wp-json\/wp\/v2\/product_tag?post=14971"}],"curies":[{"name":"wp","href":"https:\/\/api.w.org\/{rel}","templated":true}]}}