{"id":14970,"date":"2024-11-29T18:28:17","date_gmt":"2024-11-29T17:28:17","guid":{"rendered":"https:\/\/stampcurio.com\/product\/1923-dijjegyes-allami-dijnyugta-3x50mk-dijkiegeszitessel-waeszava-c-vonalbelyegzovel\/"},"modified":"2025-12-05T04:09:14","modified_gmt":"2025-12-05T03:09:14","slug":"1923-lengyelorszag-dijjegyes-tavirat-dijnyugta-3x-50-mk-dijkiegeszitessel-warszava-c-vonalbelyegzovel-es-kezi-ervenytelenitessel","status":"publish","type":"product","link":"https:\/\/stampcurio.com\/hu\/termek\/1923-lengyelorszag-dijjegyes-tavirat-dijnyugta-3x-50-mk-dijkiegeszitessel-warszava-c-vonalbelyegzovel-es-kezi-ervenytelenitessel\/","title":{"rendered":"1923 Lengyelorsz\u00e1g &#8211; d\u00edjjegyes t\u00e1virat d\u00edjnyugta 3x 50 MK d\u00edjkieg\u00e9sz\u00edt\u00e9ssel Warszava C vonalb\u00e9lyegz\u0151vel \u00e9s k\u00e9zi \u00e9rv\u00e9nytelen\u00edt\u00e9ssel"},"content":{"rendered":"","protected":false},"excerpt":{"rendered":"","protected":false},"featured_media":16189,"template":"","meta":[],"product_brand":[],"product_cat":[1190],"product_tag":[1664,116,74,1041,209,1006],"class_list":{"0":"post-14970","1":"product","2":"type-product","3":"status-publish","4":"has-post-thumbnail","6":"product_cat-lengyelorszag","7":"product_tag-2nd-auction-hu","8":"product_tag-belyeg","9":"product_tag-dijjegyes","10":"product_tag-marcophily-hu","11":"product_tag-tavirat","12":"product_tag-unsold","14":"first","15":"outofstock","16":"sold-individually","17":"shipping-taxable","18":"product-type-simple"},"_links":{"self":[{"href":"https:\/\/stampcurio.com\/hu\/wp-json\/wp\/v2\/product\/14970","targetHints":{"allow":["GET"]}}],"collection":[{"href":"https:\/\/stampcurio.com\/hu\/wp-json\/wp\/v2\/product"}],"about":[{"href":"https:\/\/stampcurio.com\/hu\/wp-json\/wp\/v2\/types\/product"}],"wp:featuredmedia":[{"embeddable":true,"href":"https:\/\/stampcurio.com\/hu\/wp-json\/wp\/v2\/media\/16189"}],"wp:attachment":[{"href":"https:\/\/stampcurio.com\/hu\/wp-json\/wp\/v2\/media?parent=14970"}],"wp:term":[{"taxonomy":"product_brand","embeddable":true,"href":"https:\/\/stampcurio.com\/hu\/wp-json\/wp\/v2\/product_brand?post=14970"},{"taxonomy":"product_cat","embeddable":true,"href":"https:\/\/stampcurio.com\/hu\/wp-json\/wp\/v2\/product_cat?post=14970"},{"taxonomy":"product_tag","embeddable":true,"href":"https:\/\/stampcurio.com\/hu\/wp-json\/wp\/v2\/product_tag?post=14970"}],"curies":[{"name":"wp","href":"https:\/\/api.w.org\/{rel}","templated":true}]}}