{"id":1497,"date":"2023-11-09T15:33:06","date_gmt":"2023-11-09T14:33:06","guid":{"rendered":"http:\/\/stampcurio.com\/?post_type=product&#038;p=1497"},"modified":"2025-12-05T04:13:47","modified_gmt":"2025-12-05T03:13:47","slug":"1934-legiposta-boritek-del-amerikaba-ritka-vegyes-nagy-madonna-2p-repulo-ii-1p-tarifahelyes-dijlerovas","status":"publish","type":"product","link":"https:\/\/stampcurio.com\/hu\/termek\/1934-legiposta-boritek-del-amerikaba-ritka-vegyes-nagy-madonna-2p-repulo-ii-1p-tarifahelyes-dijlerovas\/","title":{"rendered":"1934 l\u00e9giposta bor\u00edt\u00e9k D\u00e9l-Amerik\u00e1ba ritka vegyes Nagy Madonna 2P + rep\u00fcl\u0151 II 1P tarifahelyes d\u00edjlerov\u00e1s"},"content":{"rendered":"","protected":false},"excerpt":{"rendered":"<p>1. s\u00falyfokozat &#8211; 5 grammos l\u00e9giposta bor\u00edt\u00e9k:<br \/>\nL\u00e9giposta p\u00f3td\u00edj 2.66P + lev\u00e9ld\u00edj 40f, \u00f6sszesen 3.06P d\u00edjlerov\u00e1s.<\/p>\n","protected":false},"featured_media":1499,"template":"","meta":[],"product_brand":[],"product_cat":[114,122,73],"product_tag":[1044,115,89],"class_list":{"0":"post-1497","1":"product","2":"type-product","3":"status-publish","4":"has-post-thumbnail","6":"product_cat-argentina-1st","7":"product_cat-franciaorszag-1st","8":"product_cat-magyarorszag-1st","9":"product_tag-1st-auction-hu","10":"product_tag-legiposta","11":"product_tag-postatortenet","12":"pa_catalog_id-121","14":"first","15":"instock","16":"sold-individually","17":"shipping-taxable","18":"product-type-simple"},"_links":{"self":[{"href":"https:\/\/stampcurio.com\/hu\/wp-json\/wp\/v2\/product\/1497","targetHints":{"allow":["GET"]}}],"collection":[{"href":"https:\/\/stampcurio.com\/hu\/wp-json\/wp\/v2\/product"}],"about":[{"href":"https:\/\/stampcurio.com\/hu\/wp-json\/wp\/v2\/types\/product"}],"wp:featuredmedia":[{"embeddable":true,"href":"https:\/\/stampcurio.com\/hu\/wp-json\/wp\/v2\/media\/1499"}],"wp:attachment":[{"href":"https:\/\/stampcurio.com\/hu\/wp-json\/wp\/v2\/media?parent=1497"}],"wp:term":[{"taxonomy":"product_brand","embeddable":true,"href":"https:\/\/stampcurio.com\/hu\/wp-json\/wp\/v2\/product_brand?post=1497"},{"taxonomy":"product_cat","embeddable":true,"href":"https:\/\/stampcurio.com\/hu\/wp-json\/wp\/v2\/product_cat?post=1497"},{"taxonomy":"product_tag","embeddable":true,"href":"https:\/\/stampcurio.com\/hu\/wp-json\/wp\/v2\/product_tag?post=1497"}],"curies":[{"name":"wp","href":"https:\/\/api.w.org\/{rel}","templated":true}]}}