{"id":14969,"date":"2024-11-29T18:28:17","date_gmt":"2024-11-29T17:28:17","guid":{"rendered":"https:\/\/stampcurio.com\/product\/1869-olaszorszag-upu-elotti-ajanlott-level-debrecenbe-kuldve-ketszinu-barmentesiessel-196-szambelyegzovel-velencebol\/"},"modified":"2025-12-05T04:09:14","modified_gmt":"2025-12-05T03:09:14","slug":"1869-olaszorszag-upu-elotti-ajanlott-level-velencebol-magyarorszagra-kuldve-ketszinu-bermentesitessel-196-szambelyegzovel","status":"publish","type":"product","link":"https:\/\/stampcurio.com\/hu\/termek\/1869-olaszorszag-upu-elotti-ajanlott-level-velencebol-magyarorszagra-kuldve-ketszinu-bermentesitessel-196-szambelyegzovel\/","title":{"rendered":"1869 Olaszorsz\u00e1g &#8211; UPU el\u0151tti aj\u00e1nlott lev\u00e9l Velenc\u00e9b\u0151l Magyarorsz\u00e1gra k\u00fcldve, k\u00e9tsz\u00edn\u0171 b\u00e9rmentes\u00edt\u00e9ssel, 196. sz\u00e1mb\u00e9lyegz\u0151vel"},"content":{"rendered":"","protected":false},"excerpt":{"rendered":"<p>Pakschy Lajos r\u00e9sz\u00e9re c\u00edmezve Debrecenbe.<\/p>\n","protected":false},"featured_media":16135,"template":"","meta":[],"product_brand":[],"product_cat":[1172,1183],"product_tag":[1664,116,1041,89,1631],"class_list":{"0":"post-14969","1":"product","2":"type-product","3":"status-publish","4":"has-post-thumbnail","6":"product_cat-magyarorszag","7":"product_cat-olaszorszag","8":"product_tag-2nd-auction-hu","9":"product_tag-belyeg","10":"product_tag-marcophily-hu","11":"product_tag-postatortenet","12":"product_tag-pre-upu","14":"first","15":"outofstock","16":"sold-individually","17":"shipping-taxable","18":"product-type-simple"},"_links":{"self":[{"href":"https:\/\/stampcurio.com\/hu\/wp-json\/wp\/v2\/product\/14969","targetHints":{"allow":["GET"]}}],"collection":[{"href":"https:\/\/stampcurio.com\/hu\/wp-json\/wp\/v2\/product"}],"about":[{"href":"https:\/\/stampcurio.com\/hu\/wp-json\/wp\/v2\/types\/product"}],"wp:featuredmedia":[{"embeddable":true,"href":"https:\/\/stampcurio.com\/hu\/wp-json\/wp\/v2\/media\/16135"}],"wp:attachment":[{"href":"https:\/\/stampcurio.com\/hu\/wp-json\/wp\/v2\/media?parent=14969"}],"wp:term":[{"taxonomy":"product_brand","embeddable":true,"href":"https:\/\/stampcurio.com\/hu\/wp-json\/wp\/v2\/product_brand?post=14969"},{"taxonomy":"product_cat","embeddable":true,"href":"https:\/\/stampcurio.com\/hu\/wp-json\/wp\/v2\/product_cat?post=14969"},{"taxonomy":"product_tag","embeddable":true,"href":"https:\/\/stampcurio.com\/hu\/wp-json\/wp\/v2\/product_tag?post=14969"}],"curies":[{"name":"wp","href":"https:\/\/api.w.org\/{rel}","templated":true}]}}