{"id":14968,"date":"2024-11-29T18:28:17","date_gmt":"2024-11-29T17:28:17","guid":{"rendered":"https:\/\/stampcurio.com\/product\/1912-komplett-turul-sor-futott-ajanlott-levelen-besztercebanyarol-olaszorszagba-kuldve-benne-1904-es-5-korona-is\/"},"modified":"2025-12-05T04:09:14","modified_gmt":"2025-12-05T03:09:14","slug":"1912-magyarorszag-komplett-turul-sor-futott-ajanlott-levelen-besztercebanyarol-olaszorszagba-kuldve-benne-1904-es-5-korona-is","status":"publish","type":"product","link":"https:\/\/stampcurio.com\/hu\/termek\/1912-magyarorszag-komplett-turul-sor-futott-ajanlott-levelen-besztercebanyarol-olaszorszagba-kuldve-benne-1904-es-5-korona-is\/","title":{"rendered":"1912 Magyarorsz\u00e1g &#8211; komplett turul sor futott aj\u00e1nlott lev\u00e9len Beszterceb\u00e1ny\u00e1r\u00f3l Olaszorsz\u00e1gba k\u00fcldve, benne 1904-es 5 korona (!) is"},"content":{"rendered":"","protected":false},"excerpt":{"rendered":"<p>A 3f \u00e9s 10f b\u00e9lyeg s\u00e9r\u00fclt. Futott k\u00fcldem\u00e9nyen turul sor rendk\u00edv\u00fcl ritk\u00e1n l\u00e1that\u00f3.<\/p>\n<p>A 16f \u00e9rt\u00e9k csak 1913-ban jelenik meg, ez\u00e9rt nem szerepel a k\u00fcldem\u00e9nyen.<\/p>\n","protected":false},"featured_media":15814,"template":"","meta":[],"product_brand":[],"product_cat":[1172,1183,1189],"product_tag":[1664,116,89],"class_list":{"0":"post-14968","1":"product","2":"type-product","3":"status-publish","4":"has-post-thumbnail","6":"product_cat-magyarorszag","7":"product_cat-olaszorszag","8":"product_cat-szlovakia","9":"product_tag-2nd-auction-hu","10":"product_tag-belyeg","11":"product_tag-postatortenet","13":"first","14":"outofstock","15":"sold-individually","16":"shipping-taxable","17":"product-type-simple"},"_links":{"self":[{"href":"https:\/\/stampcurio.com\/hu\/wp-json\/wp\/v2\/product\/14968","targetHints":{"allow":["GET"]}}],"collection":[{"href":"https:\/\/stampcurio.com\/hu\/wp-json\/wp\/v2\/product"}],"about":[{"href":"https:\/\/stampcurio.com\/hu\/wp-json\/wp\/v2\/types\/product"}],"wp:featuredmedia":[{"embeddable":true,"href":"https:\/\/stampcurio.com\/hu\/wp-json\/wp\/v2\/media\/15814"}],"wp:attachment":[{"href":"https:\/\/stampcurio.com\/hu\/wp-json\/wp\/v2\/media?parent=14968"}],"wp:term":[{"taxonomy":"product_brand","embeddable":true,"href":"https:\/\/stampcurio.com\/hu\/wp-json\/wp\/v2\/product_brand?post=14968"},{"taxonomy":"product_cat","embeddable":true,"href":"https:\/\/stampcurio.com\/hu\/wp-json\/wp\/v2\/product_cat?post=14968"},{"taxonomy":"product_tag","embeddable":true,"href":"https:\/\/stampcurio.com\/hu\/wp-json\/wp\/v2\/product_tag?post=14968"}],"curies":[{"name":"wp","href":"https:\/\/api.w.org\/{rel}","templated":true}]}}