{"id":14967,"date":"2024-11-29T18:28:16","date_gmt":"2024-11-29T17:28:16","guid":{"rendered":"https:\/\/stampcurio.com\/product\/1914-voroskeresztes-kepeslap-olasz-magyar-nyelvu-olasz-magyar-nyelvu-segelybelyeg-torokorszagba-kuldve-cenzurazva\/"},"modified":"2025-12-05T04:09:15","modified_gmt":"2025-12-05T03:09:15","slug":"1914-magyarorszag-olasz-magyar-voroskeresztes-kepeslap-olasz-magyar-segelybelyeggel-torokorszagba-kuldve-cenzurazva","status":"publish","type":"product","link":"https:\/\/stampcurio.com\/hu\/termek\/1914-magyarorszag-olasz-magyar-voroskeresztes-kepeslap-olasz-magyar-segelybelyeggel-torokorszagba-kuldve-cenzurazva\/","title":{"rendered":"1914 Magyarorsz\u00e1g &#8211; olasz-magyar v\u00f6r\u00f6skeresztes k\u00e9peslap olasz-magyar seg\u00e9lyb\u00e9lyeggel T\u00f6r\u00f6korsz\u00e1gba k\u00fcldve, cenz\u00far\u00e1zva"},"content":{"rendered":"","protected":false},"excerpt":{"rendered":"","protected":false},"featured_media":15842,"template":"","meta":[],"product_brand":[],"product_cat":[1275,1172,1183,1188],"product_tag":[1664,116,233,1325,97,1371,328],"class_list":{"0":"post-14967","1":"product","2":"type-product","3":"status-publish","4":"has-post-thumbnail","6":"product_cat-fiume","7":"product_cat-magyarorszag","8":"product_cat-olaszorszag","9":"product_cat-torokorszag","10":"product_tag-2nd-auction-hu","11":"product_tag-belyeg","12":"product_tag-cenzura","13":"product_tag-hajo","14":"product_tag-kepeslap","15":"product_tag-segelybelyeg","16":"product_tag-voroskereszt","18":"first","19":"outofstock","20":"sold-individually","21":"shipping-taxable","22":"product-type-simple"},"_links":{"self":[{"href":"https:\/\/stampcurio.com\/hu\/wp-json\/wp\/v2\/product\/14967","targetHints":{"allow":["GET"]}}],"collection":[{"href":"https:\/\/stampcurio.com\/hu\/wp-json\/wp\/v2\/product"}],"about":[{"href":"https:\/\/stampcurio.com\/hu\/wp-json\/wp\/v2\/types\/product"}],"wp:featuredmedia":[{"embeddable":true,"href":"https:\/\/stampcurio.com\/hu\/wp-json\/wp\/v2\/media\/15842"}],"wp:attachment":[{"href":"https:\/\/stampcurio.com\/hu\/wp-json\/wp\/v2\/media?parent=14967"}],"wp:term":[{"taxonomy":"product_brand","embeddable":true,"href":"https:\/\/stampcurio.com\/hu\/wp-json\/wp\/v2\/product_brand?post=14967"},{"taxonomy":"product_cat","embeddable":true,"href":"https:\/\/stampcurio.com\/hu\/wp-json\/wp\/v2\/product_cat?post=14967"},{"taxonomy":"product_tag","embeddable":true,"href":"https:\/\/stampcurio.com\/hu\/wp-json\/wp\/v2\/product_tag?post=14967"}],"curies":[{"name":"wp","href":"https:\/\/api.w.org\/{rel}","templated":true}]}}