{"id":14966,"date":"2024-11-29T18:28:16","date_gmt":"2024-11-29T17:28:16","guid":{"rendered":"https:\/\/stampcurio.com\/product\/1941-london-budapest-level-egyiptomon-keresztul-egyiptomi-es-angol-cenzuraval-visszakuldve-a-feladonak-no-service-megjegyzessel\/"},"modified":"2025-12-05T04:09:15","modified_gmt":"2025-12-05T03:09:15","slug":"1941-anglia-londonbol-magyarorszagra-kuldott-boritek-egyiptomon-keresztul-egyiptomi-es-angol-cenzuraval-visszakuldve-a-feladonak-no-service-megjegyzessel","status":"publish","type":"product","link":"https:\/\/stampcurio.com\/hu\/termek\/1941-anglia-londonbol-magyarorszagra-kuldott-boritek-egyiptomon-keresztul-egyiptomi-es-angol-cenzuraval-visszakuldve-a-feladonak-no-service-megjegyzessel\/","title":{"rendered":"1941 Anglia &#8211; Londonb\u00f3l Magyarorsz\u00e1gra k\u00fcld\u00f6tt bor\u00edt\u00e9k Egyiptomon (!) kereszt\u00fcl, egyiptomi \u00e9s angol cenz\u00far\u00e1val, visszak\u00fcldve a felad\u00f3nak &#8220;no service&#8221; megjegyz\u00e9ssel"},"content":{"rendered":"","protected":false},"excerpt":{"rendered":"<p>Sz\u00e9p h\u00e1bor\u00fas eml\u00e9k, ki\u00e1ll\u00edt\u00e1si c\u00e9lb\u00f3l sz\u00e9tnyitva.<\/p>\n","protected":false},"featured_media":15860,"template":"","meta":[],"product_brand":[],"product_cat":[1186,1187,1172],"product_tag":[1664,233,89],"class_list":{"0":"post-14966","1":"product","2":"type-product","3":"status-publish","4":"has-post-thumbnail","6":"product_cat-brit-birodalom","7":"product_cat-egyiptom","8":"product_cat-magyarorszag","9":"product_tag-2nd-auction-hu","10":"product_tag-cenzura","11":"product_tag-postatortenet","13":"first","14":"outofstock","15":"sold-individually","16":"shipping-taxable","17":"product-type-simple"},"_links":{"self":[{"href":"https:\/\/stampcurio.com\/hu\/wp-json\/wp\/v2\/product\/14966","targetHints":{"allow":["GET"]}}],"collection":[{"href":"https:\/\/stampcurio.com\/hu\/wp-json\/wp\/v2\/product"}],"about":[{"href":"https:\/\/stampcurio.com\/hu\/wp-json\/wp\/v2\/types\/product"}],"wp:featuredmedia":[{"embeddable":true,"href":"https:\/\/stampcurio.com\/hu\/wp-json\/wp\/v2\/media\/15860"}],"wp:attachment":[{"href":"https:\/\/stampcurio.com\/hu\/wp-json\/wp\/v2\/media?parent=14966"}],"wp:term":[{"taxonomy":"product_brand","embeddable":true,"href":"https:\/\/stampcurio.com\/hu\/wp-json\/wp\/v2\/product_brand?post=14966"},{"taxonomy":"product_cat","embeddable":true,"href":"https:\/\/stampcurio.com\/hu\/wp-json\/wp\/v2\/product_cat?post=14966"},{"taxonomy":"product_tag","embeddable":true,"href":"https:\/\/stampcurio.com\/hu\/wp-json\/wp\/v2\/product_tag?post=14966"}],"curies":[{"name":"wp","href":"https:\/\/api.w.org\/{rel}","templated":true}]}}