{"id":14965,"date":"2024-11-29T18:28:16","date_gmt":"2024-11-29T17:28:16","guid":{"rendered":"https:\/\/stampcurio.com\/product\/1916-magyarorszag-feherszamu-arato-lemezhibak-a-szamjegynel\/"},"modified":"2025-12-05T04:09:15","modified_gmt":"2025-12-05T03:09:15","slug":"1916-magyarorszag-feherszamu-arato-lemezhibak-a-szamjegynel-2x-15-filler-5x-10-filleren-phu-23-eur","status":"publish","type":"product","link":"https:\/\/stampcurio.com\/hu\/termek\/1916-magyarorszag-feherszamu-arato-lemezhibak-a-szamjegynel-2x-15-filler-5x-10-filleren-phu-23-eur\/","title":{"rendered":"1916 Magyarorsz\u00e1g &#8211; feh\u00e9rsz\u00e1m\u00fa arat\u00f3 lemezhib\u00e1k a sz\u00e1mjegyn\u00e9l 2x 15 fill\u00e9r + 5x 10 fill\u00e9ren | PHu: 23 EUR"},"content":{"rendered":"","protected":false},"excerpt":{"rendered":"<p>A 2 x15 fill\u00e9ren az 53. \u00edvhely hib\u00e1ja, plusz k\u00e9t hasonl\u00f3 lemezhiba a 10 fill\u00e9reseken.<\/p>\n","protected":false},"featured_media":16011,"template":"","meta":[],"product_brand":[],"product_cat":[1172],"product_tag":[1664,116,217],"class_list":{"0":"post-14965","1":"product","2":"type-product","3":"status-publish","4":"has-post-thumbnail","6":"product_cat-magyarorszag","7":"product_tag-2nd-auction-hu","8":"product_tag-belyeg","9":"product_tag-tevnyomat","11":"first","12":"outofstock","13":"sold-individually","14":"shipping-taxable","15":"product-type-simple"},"_links":{"self":[{"href":"https:\/\/stampcurio.com\/hu\/wp-json\/wp\/v2\/product\/14965","targetHints":{"allow":["GET"]}}],"collection":[{"href":"https:\/\/stampcurio.com\/hu\/wp-json\/wp\/v2\/product"}],"about":[{"href":"https:\/\/stampcurio.com\/hu\/wp-json\/wp\/v2\/types\/product"}],"wp:featuredmedia":[{"embeddable":true,"href":"https:\/\/stampcurio.com\/hu\/wp-json\/wp\/v2\/media\/16011"}],"wp:attachment":[{"href":"https:\/\/stampcurio.com\/hu\/wp-json\/wp\/v2\/media?parent=14965"}],"wp:term":[{"taxonomy":"product_brand","embeddable":true,"href":"https:\/\/stampcurio.com\/hu\/wp-json\/wp\/v2\/product_brand?post=14965"},{"taxonomy":"product_cat","embeddable":true,"href":"https:\/\/stampcurio.com\/hu\/wp-json\/wp\/v2\/product_cat?post=14965"},{"taxonomy":"product_tag","embeddable":true,"href":"https:\/\/stampcurio.com\/hu\/wp-json\/wp\/v2\/product_tag?post=14965"}],"curies":[{"name":"wp","href":"https:\/\/api.w.org\/{rel}","templated":true}]}}