{"id":14964,"date":"2024-11-29T18:28:15","date_gmt":"2024-11-29T17:28:15","guid":{"rendered":"https:\/\/stampcurio.com\/product\/1865-dominikai-koztarsasag-harom-teljes-iv-hasznalatlan-mng-furnier-facsimile\/"},"modified":"2025-12-05T04:09:17","modified_gmt":"2025-12-05T03:09:17","slug":"1865-dominikai-koztarsasag-harom-teljes-hasznalatlan-iv-fournier-facsimile","status":"publish","type":"product","link":"https:\/\/stampcurio.com\/hu\/termek\/1865-dominikai-koztarsasag-harom-teljes-hasznalatlan-iv-fournier-facsimile\/","title":{"rendered":"1865 Dominikai K\u00f6zt\u00e1rsas\u00e1g &#8211; h\u00e1rom teljes, haszn\u00e1latlan \u00edv, Fournier facsimile"},"content":{"rendered":"","protected":false},"excerpt":{"rendered":"","protected":false},"featured_media":15995,"template":"","meta":[],"product_brand":[],"product_cat":[1185],"product_tag":[1664,116],"class_list":{"0":"post-14964","1":"product","2":"type-product","3":"status-publish","4":"has-post-thumbnail","6":"product_cat-dominikai-koztarsasag","7":"product_tag-2nd-auction-hu","8":"product_tag-belyeg","10":"first","11":"outofstock","12":"sold-individually","13":"shipping-taxable","14":"product-type-simple"},"_links":{"self":[{"href":"https:\/\/stampcurio.com\/hu\/wp-json\/wp\/v2\/product\/14964","targetHints":{"allow":["GET"]}}],"collection":[{"href":"https:\/\/stampcurio.com\/hu\/wp-json\/wp\/v2\/product"}],"about":[{"href":"https:\/\/stampcurio.com\/hu\/wp-json\/wp\/v2\/types\/product"}],"wp:featuredmedia":[{"embeddable":true,"href":"https:\/\/stampcurio.com\/hu\/wp-json\/wp\/v2\/media\/15995"}],"wp:attachment":[{"href":"https:\/\/stampcurio.com\/hu\/wp-json\/wp\/v2\/media?parent=14964"}],"wp:term":[{"taxonomy":"product_brand","embeddable":true,"href":"https:\/\/stampcurio.com\/hu\/wp-json\/wp\/v2\/product_brand?post=14964"},{"taxonomy":"product_cat","embeddable":true,"href":"https:\/\/stampcurio.com\/hu\/wp-json\/wp\/v2\/product_cat?post=14964"},{"taxonomy":"product_tag","embeddable":true,"href":"https:\/\/stampcurio.com\/hu\/wp-json\/wp\/v2\/product_tag?post=14964"}],"curies":[{"name":"wp","href":"https:\/\/api.w.org\/{rel}","templated":true}]}}