{"id":14963,"date":"2024-11-29T18:28:15","date_gmt":"2024-11-29T17:28:15","guid":{"rendered":"https:\/\/stampcurio.com\/product\/xxx-olaszorszag-10-centissimi-rendkivul-szep-reszleges-gepszin-atnyomattal-postatiszta\/"},"modified":"2025-12-05T04:09:17","modified_gmt":"2025-12-05T03:09:17","slug":"1906-olaszorszag-10-centissimi-postatiszta-rendkivul-szep-reszleges-gepszinatnyomattal","status":"publish","type":"product","link":"https:\/\/stampcurio.com\/hu\/termek\/1906-olaszorszag-10-centissimi-postatiszta-rendkivul-szep-reszleges-gepszinatnyomattal\/","title":{"rendered":"1906 Olaszorsz\u00e1g &#8211; 10 centissimi postatiszta ** rendk\u00edv\u00fcl sz\u00e9p r\u00e9szleges g\u00e9psz\u00edn\u00e1tnyomattal"},"content":{"rendered":"","protected":false},"excerpt":{"rendered":"","protected":false},"featured_media":16051,"template":"","meta":[],"product_brand":[],"product_cat":[1183],"product_tag":[1664,116,1303,1006],"class_list":{"0":"post-14963","1":"product","2":"type-product","3":"status-publish","4":"has-post-thumbnail","6":"product_cat-olaszorszag","7":"product_tag-2nd-auction-hu","8":"product_tag-belyeg","9":"product_tag-gepszinatnyomat","10":"product_tag-unsold","12":"first","13":"outofstock","14":"sold-individually","15":"shipping-taxable","16":"product-type-simple"},"_links":{"self":[{"href":"https:\/\/stampcurio.com\/hu\/wp-json\/wp\/v2\/product\/14963","targetHints":{"allow":["GET"]}}],"collection":[{"href":"https:\/\/stampcurio.com\/hu\/wp-json\/wp\/v2\/product"}],"about":[{"href":"https:\/\/stampcurio.com\/hu\/wp-json\/wp\/v2\/types\/product"}],"wp:featuredmedia":[{"embeddable":true,"href":"https:\/\/stampcurio.com\/hu\/wp-json\/wp\/v2\/media\/16051"}],"wp:attachment":[{"href":"https:\/\/stampcurio.com\/hu\/wp-json\/wp\/v2\/media?parent=14963"}],"wp:term":[{"taxonomy":"product_brand","embeddable":true,"href":"https:\/\/stampcurio.com\/hu\/wp-json\/wp\/v2\/product_brand?post=14963"},{"taxonomy":"product_cat","embeddable":true,"href":"https:\/\/stampcurio.com\/hu\/wp-json\/wp\/v2\/product_cat?post=14963"},{"taxonomy":"product_tag","embeddable":true,"href":"https:\/\/stampcurio.com\/hu\/wp-json\/wp\/v2\/product_tag?post=14963"}],"curies":[{"name":"wp","href":"https:\/\/api.w.org\/{rel}","templated":true}]}}