{"id":14962,"date":"2024-11-29T18:28:15","date_gmt":"2024-11-29T17:28:15","guid":{"rendered":"https:\/\/stampcurio.com\/product\/1958-magyarorszag-takarekossag-es-biztositas-20-filler-rendkivul-latvanyos-tevnyomat-pecsetelt\/"},"modified":"2025-12-05T04:09:16","modified_gmt":"2025-12-05T03:09:16","slug":"1958-magyarorszag-takarekossag-es-biztositas-20-filler-rendkivul-latvanyos-pecsetelt-tevnyomat","status":"publish","type":"product","link":"https:\/\/stampcurio.com\/hu\/termek\/1958-magyarorszag-takarekossag-es-biztositas-20-filler-rendkivul-latvanyos-pecsetelt-tevnyomat\/","title":{"rendered":"1958 Magyarorsz\u00e1g &#8211; Takar\u00e9koss\u00e1g \u00e9s Biztos\u00edt\u00e1s 20 fill\u00e9r rendk\u00edv\u00fcl l\u00e1tv\u00e1nyos pecs\u00e9telt t\u00e9vnyomat"},"content":{"rendered":"","protected":false},"excerpt":{"rendered":"","protected":false},"featured_media":16005,"template":"","meta":[],"product_brand":[],"product_cat":[1172],"product_tag":[1664,116,217,1006],"class_list":{"0":"post-14962","1":"product","2":"type-product","3":"status-publish","4":"has-post-thumbnail","6":"product_cat-magyarorszag","7":"product_tag-2nd-auction-hu","8":"product_tag-belyeg","9":"product_tag-tevnyomat","10":"product_tag-unsold","12":"first","13":"outofstock","14":"sold-individually","15":"shipping-taxable","16":"product-type-simple"},"_links":{"self":[{"href":"https:\/\/stampcurio.com\/hu\/wp-json\/wp\/v2\/product\/14962","targetHints":{"allow":["GET"]}}],"collection":[{"href":"https:\/\/stampcurio.com\/hu\/wp-json\/wp\/v2\/product"}],"about":[{"href":"https:\/\/stampcurio.com\/hu\/wp-json\/wp\/v2\/types\/product"}],"wp:featuredmedia":[{"embeddable":true,"href":"https:\/\/stampcurio.com\/hu\/wp-json\/wp\/v2\/media\/16005"}],"wp:attachment":[{"href":"https:\/\/stampcurio.com\/hu\/wp-json\/wp\/v2\/media?parent=14962"}],"wp:term":[{"taxonomy":"product_brand","embeddable":true,"href":"https:\/\/stampcurio.com\/hu\/wp-json\/wp\/v2\/product_brand?post=14962"},{"taxonomy":"product_cat","embeddable":true,"href":"https:\/\/stampcurio.com\/hu\/wp-json\/wp\/v2\/product_cat?post=14962"},{"taxonomy":"product_tag","embeddable":true,"href":"https:\/\/stampcurio.com\/hu\/wp-json\/wp\/v2\/product_tag?post=14962"}],"curies":[{"name":"wp","href":"https:\/\/api.w.org\/{rel}","templated":true}]}}