{"id":14960,"date":"2024-11-29T18:28:14","date_gmt":"2024-11-29T17:28:14","guid":{"rendered":"https:\/\/stampcurio.com\/product\/1902-eritreai-dijjegyes-szallitolevel-5-cent-kiegeszitessel-olasz-kolonia\/"},"modified":"2025-12-05T04:09:18","modified_gmt":"2025-12-05T03:09:18","slug":"1902-eritrea-colonia-eritrea-felulnyomasu-dijjegyes-szallitolevel-5-cent-kiegeszitessel","status":"publish","type":"product","link":"https:\/\/stampcurio.com\/hu\/termek\/1902-eritrea-colonia-eritrea-felulnyomasu-dijjegyes-szallitolevel-5-cent-kiegeszitessel\/","title":{"rendered":"1902 Eritrea &#8211; COLONIA ERITREA fel\u00fclnyom\u00e1s\u00fa d\u00edjjegyes sz\u00e1ll\u00edt\u00f3lev\u00e9l 5 cent kieg\u00e9sz\u00edt\u00e9ssel"},"content":{"rendered":"","protected":false},"excerpt":{"rendered":"","protected":false},"featured_media":15834,"template":"","meta":[],"product_brand":[],"product_cat":[1178,1182,1183],"product_tag":[1664,116,74,89,157],"class_list":{"0":"post-14960","1":"product","2":"type-product","3":"status-publish","4":"has-post-thumbnail","6":"product_cat-ausztria","7":"product_cat-eritrea","8":"product_cat-olaszorszag","9":"product_tag-2nd-auction-hu","10":"product_tag-belyeg","11":"product_tag-dijjegyes","12":"product_tag-postatortenet","13":"product_tag-szallitolevel","15":"first","16":"outofstock","17":"sold-individually","18":"shipping-taxable","19":"product-type-simple"},"_links":{"self":[{"href":"https:\/\/stampcurio.com\/hu\/wp-json\/wp\/v2\/product\/14960","targetHints":{"allow":["GET"]}}],"collection":[{"href":"https:\/\/stampcurio.com\/hu\/wp-json\/wp\/v2\/product"}],"about":[{"href":"https:\/\/stampcurio.com\/hu\/wp-json\/wp\/v2\/types\/product"}],"wp:featuredmedia":[{"embeddable":true,"href":"https:\/\/stampcurio.com\/hu\/wp-json\/wp\/v2\/media\/15834"}],"wp:attachment":[{"href":"https:\/\/stampcurio.com\/hu\/wp-json\/wp\/v2\/media?parent=14960"}],"wp:term":[{"taxonomy":"product_brand","embeddable":true,"href":"https:\/\/stampcurio.com\/hu\/wp-json\/wp\/v2\/product_brand?post=14960"},{"taxonomy":"product_cat","embeddable":true,"href":"https:\/\/stampcurio.com\/hu\/wp-json\/wp\/v2\/product_cat?post=14960"},{"taxonomy":"product_tag","embeddable":true,"href":"https:\/\/stampcurio.com\/hu\/wp-json\/wp\/v2\/product_tag?post=14960"}],"curies":[{"name":"wp","href":"https:\/\/api.w.org\/{rel}","templated":true}]}}